{"id":3292,"date":"2025-11-18T11:51:08","date_gmt":"2025-11-18T10:51:08","guid":{"rendered":"https:\/\/enter-thecircle.com\/?post_type=product&#038;p=3292"},"modified":"2026-01-13T16:43:54","modified_gmt":"2026-01-13T15:43:54","slug":"the-circle-experience-gutschein","status":"publish","type":"product","link":"https:\/\/enter-thecircle.com\/de\/produkt\/the-circle-experience-gutschein\/","title":{"rendered":"THE CIRCLE EXPERIENCE GUTSCHEIN"},"content":{"rendered":"","protected":false},"excerpt":{"rendered":"<p><span style=\"font-size: 14px;\">Vergiss das Gew\u00f6hnliche und schenke eine unvergessliche Nacht zu zweit! Die Circle-Gutscheine er\u00f6ffnen ein 75\u202fm\u00b2 gro\u00dfes, liebevoll gestaltetes Privatrefugium, komplett mit Mini-Spa, Kingsize-Bett und <a href=\"https:\/\/enter-thecircle.com\/de\/the-circle-extras\/\" target=\"_blank\" rel=\"noopener\">exklusiv zusammengestellte Extras<\/a> f\u00fcr N\u00e4he gemacht.<\/span><\/p>\n<p><span style=\"font-size: 14px;\">Ob f\u00fcr ein Paar, das heiratet, ein Jubil\u00e4um feiert oder deinen Liebsten \u00fcberraschen soll \u2013 diese Gutscheine \u00f6ffnen die T\u00fcr zu einem F\u00fcnf-Sterne-Cocoon f\u00fcr Liebende: ein verborgenes Berliner Refugium, wo Verlangen auf Design trifft. Perfekt f\u00fcr alle, die Abenteuer, Leidenschaft und eine geheimnisvolle Note lieben.<\/span><\/p>\n<p><span style=\"font-size: 14px;\">Vergiss das Gew\u00f6hnliche. Vergiss Geschenke, die auf dem Regal verstauben. Schenke etwas, das prickelt, verf\u00fchrt und noch lange nachklingt: ein besonderer Gutschein, der die Sinne entfacht.<\/span><\/p>\n<h1><span style=\"font-size: 25px;\">DEIN ERLEBNISGUTSCHEIN UMFASST:<\/span><\/h1>\n<p><span style=\"font-size: 14px;\">* Eine Nacht zu zweit in unserem privaten 75-Quadratmeter-Liebesversteck, inklusive privatem Spa, Kingsize-Bett und modularer Lounge.<\/span><br \/>\n<span style=\"font-size: 14px;\">* Luxuri\u00f6se Bio-Haar- und K\u00f6rperpflege<\/span><br \/>\n<span style=\"font-size: 14px;\">* Weiche, flauschige Handt\u00fccher<\/span><br \/>\n<span style=\"font-size: 14px;\">* Eine Flasche Naturwein von Winzerinnen, als Geschenk f\u00fcr dich<\/span><br \/>\n<span style=\"font-size: 14px;\">* Stadtsteuer und Reinigungsgeb\u00fchr <\/span><\/p>\n<p><span style=\"font-size: 14px;\">Zusatzleistungen und weitere N\u00e4chte k\u00f6nnen nach Belieben separat gebucht werden.<\/span><\/p>\n<h1><span style=\"font-size: 25px;\">PREISE<\/span><\/h1>\n<p data-start=\"1714\" data-end=\"1795\"><span style=\"font-size: 14px;\">Um dir volle Flexibilit\u00e4t zu bieten, ist der Experience Gutschein zu zwei Preisen erh\u00e4ltlich:<\/span><\/p>\n<p data-start=\"1798\" data-end=\"1858\"><span style=\"font-size: 14px;\">* <strong data-start=\"1798\" data-end=\"1814\">Wochentagspreis: <\/strong>Einl\u00f6sbar f\u00fcr Aufenthalte von Sonntag bis Donnerstag<br \/>\n<\/span><span style=\"font-size: 14px;\">* <strong data-start=\"1861\" data-end=\"1877\">Wochenendpreis:<\/strong> Einl\u00f6sbar f\u00fcr Aufenthalte an Freitagen und Samstagen<\/span><\/p>\n<p data-start=\"1924\" data-end=\"1983\"><span style=\"font-size: 14px;\">(W\u00e4hle deine bevorzugte Option beim Kauf des Gutscheins.)<\/span><\/p>\n<h1><span style=\"font-size: 25px;\">LIEFEROPTIONEN<\/span><\/h1>\n<p><span style=\"font-size: 14px;\">Im Checkout kannst du zwischen einem digitalen Gutschein (PDF, sofort erh\u00e4ltlich) oder einem Premium\u2011gedruckten Gutschein w\u00e4hlen. Der Versand kostet 10\u202f\u20ac innerhalb Deutschlands, 15\u202f\u20ac innerhalb Europas und 25\u202f\u20ac international. Die Lieferzeiten variieren; eine Zustellung vor Weihnachten kann insbesondere bei internationalen Sendungen nicht garantiert werden.<\/span><\/p>\n<p><span style=\"font-size: 14px;\"><a href=\"https:\/\/enter-thecircle.com\/de\/the-circle-voucher-terms\/\" target=\"_blank\" rel=\"noopener\"><i>Mit deinem Kauf stimmst du unseren Allgemeinen Gesch\u00e4ftsbedingungen zu.<\/i><\/a> <\/span><\/p>","protected":false},"featured_media":3349,"comment_status":"open","ping_status":"closed","template":"","meta":[],"product_brand":[],"product_cat":[62],"product_tag":[],"class_list":{"0":"post-3292","1":"product","2":"type-product","3":"status-publish","4":"has-post-thumbnail","6":"product_cat-uncategorized","8":"first","9":"instock","10":"taxable","11":"shipping-taxable","12":"purchasable","13":"product-type-variable"},"yoast_head":"<!-- This site is optimized with the Yoast SEO plugin v27.3 - https:\/\/yoast.com\/product\/yoast-seo-wordpress\/ -->\n<title>Experience Gift Voucher | The Circle<\/title>\n<meta name=\"description\" content=\"Give your lover an unforgettable night in Berlin with one of The Circle&#039;s gift vouchers. They\u2019re an invitation to play, to linger, and to escape.\" \/>\n<meta name=\"robots\" content=\"noindex, follow\" \/>\n<meta property=\"og:locale\" content=\"de_DE\" \/>\n<meta property=\"og:type\" content=\"article\" \/>\n<meta property=\"og:title\" content=\"Experience Gift Voucher | The Circle\" \/>\n<meta property=\"og:description\" content=\"Give your lover an unforgettable night in Berlin with one of The Circle&#039;s gift vouchers. They\u2019re an invitation to play, to linger, and to escape.\" \/>\n<meta property=\"og:url\" content=\"https:\/\/enter-thecircle.com\/de\/produkt\/the-circle-experience-gutschein\/\" \/>\n<meta property=\"og:site_name\" content=\"THE CIRCLE\" \/>\n<meta property=\"article:publisher\" content=\"https:\/\/www.instagram.com\/enter_thecircle\/\" \/>\n<meta property=\"article:modified_time\" content=\"2026-01-13T15:43:54+00:00\" \/>\n<meta property=\"og:image\" content=\"https:\/\/enter-thecircle.com\/wp-content\/uploads\/2025\/11\/Experience-Gutschein.jpg\" \/>\n\t<meta property=\"og:image:width\" content=\"800\" \/>\n\t<meta property=\"og:image:height\" content=\"800\" \/>\n\t<meta property=\"og:image:type\" content=\"image\/jpeg\" \/>\n<meta name=\"twitter:card\" content=\"summary_large_image\" \/>\n<meta name=\"twitter:label1\" content=\"Gesch\u00e4tzte Lesezeit\" \/>\n\t<meta name=\"twitter:data1\" content=\"1\u00a0Minute\" \/>\n<script type=\"application\/ld+json\" class=\"yoast-schema-graph\">{\"@context\":\"https:\\\/\\\/schema.org\",\"@graph\":[{\"@type\":\"WebPage\",\"@id\":\"https:\\\/\\\/enter-thecircle.com\\\/product\\\/the-circle-experience-gift-voucher\\\/\",\"url\":\"https:\\\/\\\/enter-thecircle.com\\\/product\\\/the-circle-experience-gift-voucher\\\/\",\"name\":\"Experience Gift Voucher | The Circle\",\"isPartOf\":{\"@id\":\"https:\\\/\\\/enter-thecircle.com\\\/#website\"},\"primaryImageOfPage\":{\"@id\":\"https:\\\/\\\/enter-thecircle.com\\\/product\\\/the-circle-experience-gift-voucher\\\/#primaryimage\"},\"image\":{\"@id\":\"https:\\\/\\\/enter-thecircle.com\\\/product\\\/the-circle-experience-gift-voucher\\\/#primaryimage\"},\"thumbnailUrl\":\"https:\\\/\\\/enter-thecircle.com\\\/wp-content\\\/uploads\\\/2025\\\/11\\\/Experience-Gutschein.jpg\",\"datePublished\":\"2025-11-18T10:51:08+00:00\",\"dateModified\":\"2026-01-13T15:43:54+00:00\",\"description\":\"Give your lover an unforgettable night in Berlin with one of The Circle's gift vouchers. They\u2019re an invitation to play, to linger, and to escape.\",\"breadcrumb\":{\"@id\":\"https:\\\/\\\/enter-thecircle.com\\\/product\\\/the-circle-experience-gift-voucher\\\/#breadcrumb\"},\"inLanguage\":\"de\",\"potentialAction\":[{\"@type\":\"ReadAction\",\"target\":[\"https:\\\/\\\/enter-thecircle.com\\\/product\\\/the-circle-experience-gift-voucher\\\/\"]}]},{\"@type\":\"ImageObject\",\"inLanguage\":\"de\",\"@id\":\"https:\\\/\\\/enter-thecircle.com\\\/product\\\/the-circle-experience-gift-voucher\\\/#primaryimage\",\"url\":\"https:\\\/\\\/enter-thecircle.com\\\/wp-content\\\/uploads\\\/2025\\\/11\\\/Experience-Gutschein.jpg\",\"contentUrl\":\"https:\\\/\\\/enter-thecircle.com\\\/wp-content\\\/uploads\\\/2025\\\/11\\\/Experience-Gutschein.jpg\",\"width\":800,\"height\":800,\"caption\":\"An experience voucher for an overnight stay in the kinky hotel and private wellness suite, The Circle Berlin.\"},{\"@type\":\"BreadcrumbList\",\"@id\":\"https:\\\/\\\/enter-thecircle.com\\\/product\\\/the-circle-experience-gift-voucher\\\/#breadcrumb\",\"itemListElement\":[{\"@type\":\"ListItem\",\"position\":1,\"name\":\"Home\",\"item\":\"https:\\\/\\\/enter-thecircle.com\\\/\"},{\"@type\":\"ListItem\",\"position\":2,\"name\":\"Shop\",\"item\":\"https:\\\/\\\/enter-thecircle.com\\\/shop\\\/\"},{\"@type\":\"ListItem\",\"position\":3,\"name\":\"THE CIRCLE EXPERIENCE VOUCHER\"}]},{\"@type\":\"WebSite\",\"@id\":\"https:\\\/\\\/enter-thecircle.com\\\/#website\",\"url\":\"https:\\\/\\\/enter-thecircle.com\\\/\",\"name\":\"THE CIRCLE\",\"description\":\"A sensual overnight cocoon &amp; private spa\",\"publisher\":{\"@id\":\"https:\\\/\\\/enter-thecircle.com\\\/#organization\"},\"potentialAction\":[{\"@type\":\"SearchAction\",\"target\":{\"@type\":\"EntryPoint\",\"urlTemplate\":\"https:\\\/\\\/enter-thecircle.com\\\/?s={search_term_string}\"},\"query-input\":{\"@type\":\"PropertyValueSpecification\",\"valueRequired\":true,\"valueName\":\"search_term_string\"}}],\"inLanguage\":\"de\"},{\"@type\":\"Organization\",\"@id\":\"https:\\\/\\\/enter-thecircle.com\\\/#organization\",\"name\":\"THE CIRCLE CONCEPT HOTEL GMBH\",\"url\":\"https:\\\/\\\/enter-thecircle.com\\\/\",\"logo\":{\"@type\":\"ImageObject\",\"inLanguage\":\"de\",\"@id\":\"https:\\\/\\\/enter-thecircle.com\\\/#\\\/schema\\\/logo\\\/image\\\/\",\"url\":\"https:\\\/\\\/enter-thecircle.com\\\/wp-content\\\/uploads\\\/2025\\\/01\\\/16-scaled.jpg\",\"contentUrl\":\"https:\\\/\\\/enter-thecircle.com\\\/wp-content\\\/uploads\\\/2025\\\/01\\\/16-scaled.jpg\",\"width\":2560,\"height\":1706,\"caption\":\"THE CIRCLE CONCEPT HOTEL GMBH\"},\"image\":{\"@id\":\"https:\\\/\\\/enter-thecircle.com\\\/#\\\/schema\\\/logo\\\/image\\\/\"},\"sameAs\":[\"https:\\\/\\\/www.instagram.com\\\/enter_thecircle\\\/\"]}]}<\/script>\n<!-- \/ Yoast SEO plugin. -->","yoast_head_json":{"title":"Experience Gutschein | The Circle","description":"Schenke deinem Liebsten eine unvergessliche Nacht in Berlin mit einem Geschenk-Gutschein von The Circle. Eine Einladung zu spielen, zu genie\u00dfen und dem Alltag zu entfliehen.","robots":{"index":"noindex","follow":"follow"},"og_locale":"de_DE","og_type":"article","og_title":"Experience Gift Voucher | The Circle","og_description":"Give your lover an unforgettable night in Berlin with one of The Circle's gift vouchers. They\u2019re an invitation to play, to linger, and to escape.","og_url":"https:\/\/enter-thecircle.com\/de\/produkt\/the-circle-experience-gutschein\/","og_site_name":"THE CIRCLE","article_publisher":"https:\/\/www.instagram.com\/enter_thecircle\/","article_modified_time":"2026-01-13T15:43:54+00:00","og_image":[{"width":800,"height":800,"url":"https:\/\/enter-thecircle.com\/wp-content\/uploads\/2025\/11\/Experience-Gutschein.jpg","type":"image\/jpeg"}],"twitter_card":"summary_large_image","twitter_misc":{"Gesch\u00e4tzte Lesezeit":"1\u00a0Minute"},"schema":{"@context":"https:\/\/schema.org","@graph":[{"@type":"WebPage","@id":"https:\/\/enter-thecircle.com\/product\/the-circle-experience-gift-voucher\/","url":"https:\/\/enter-thecircle.com\/product\/the-circle-experience-gift-voucher\/","name":"Experience Gutschein | The Circle","isPartOf":{"@id":"https:\/\/enter-thecircle.com\/#website"},"primaryImageOfPage":{"@id":"https:\/\/enter-thecircle.com\/product\/the-circle-experience-gift-voucher\/#primaryimage"},"image":{"@id":"https:\/\/enter-thecircle.com\/product\/the-circle-experience-gift-voucher\/#primaryimage"},"thumbnailUrl":"https:\/\/enter-thecircle.com\/wp-content\/uploads\/2025\/11\/Experience-Gutschein.jpg","datePublished":"2025-11-18T10:51:08+00:00","dateModified":"2026-01-13T15:43:54+00:00","description":"Schenke deinem Liebsten eine unvergessliche Nacht in Berlin mit einem Geschenk-Gutschein von The Circle. Eine Einladung zu spielen, zu genie\u00dfen und dem Alltag zu entfliehen.","breadcrumb":{"@id":"https:\/\/enter-thecircle.com\/product\/the-circle-experience-gift-voucher\/#breadcrumb"},"inLanguage":"de","potentialAction":[{"@type":"ReadAction","target":["https:\/\/enter-thecircle.com\/product\/the-circle-experience-gift-voucher\/"]}]},{"@type":"ImageObject","inLanguage":"de","@id":"https:\/\/enter-thecircle.com\/product\/the-circle-experience-gift-voucher\/#primaryimage","url":"https:\/\/enter-thecircle.com\/wp-content\/uploads\/2025\/11\/Experience-Gutschein.jpg","contentUrl":"https:\/\/enter-thecircle.com\/wp-content\/uploads\/2025\/11\/Experience-Gutschein.jpg","width":800,"height":800,"caption":"An experience voucher for an overnight stay in the kinky hotel and private wellness suite, The Circle Berlin."},{"@type":"BreadcrumbList","@id":"https:\/\/enter-thecircle.com\/product\/the-circle-experience-gift-voucher\/#breadcrumb","itemListElement":[{"@type":"ListItem","position":1,"name":"Home","item":"https:\/\/enter-thecircle.com\/"},{"@type":"ListItem","position":2,"name":"Shop","item":"https:\/\/enter-thecircle.com\/shop\/"},{"@type":"ListItem","position":3,"name":"THE CIRCLE EXPERIENCE VOUCHER"}]},{"@type":"WebSite","@id":"https:\/\/enter-thecircle.com\/#website","url":"https:\/\/enter-thecircle.com\/","name":"THE CIRCLE","description":"Ein sinnlicher \u00dcbernachtungs-Kokon &amp; Private Spa","publisher":{"@id":"https:\/\/enter-thecircle.com\/#organization"},"potentialAction":[{"@type":"SearchAction","target":{"@type":"EntryPoint","urlTemplate":"https:\/\/enter-thecircle.com\/?s={search_term_string}"},"query-input":{"@type":"PropertyValueSpecification","valueRequired":true,"valueName":"search_term_string"}}],"inLanguage":"de"},{"@type":"Organization","@id":"https:\/\/enter-thecircle.com\/#organization","name":"THE CIRCLE CONCEPT HOTEL GMBH","url":"https:\/\/enter-thecircle.com\/","logo":{"@type":"ImageObject","inLanguage":"de","@id":"https:\/\/enter-thecircle.com\/#\/schema\/logo\/image\/","url":"https:\/\/enter-thecircle.com\/wp-content\/uploads\/2025\/01\/16-scaled.jpg","contentUrl":"https:\/\/enter-thecircle.com\/wp-content\/uploads\/2025\/01\/16-scaled.jpg","width":2560,"height":1706,"caption":"THE CIRCLE CONCEPT HOTEL GMBH"},"image":{"@id":"https:\/\/enter-thecircle.com\/#\/schema\/logo\/image\/"},"sameAs":["https:\/\/www.instagram.com\/enter_thecircle\/"]}]}},"blog_post_layout_featured_media_urls":{"thumbnail":["https:\/\/enter-thecircle.com\/wp-content\/uploads\/2025\/11\/Experience-Gutschein-150x150.jpg",150,150,true],"full":["https:\/\/enter-thecircle.com\/wp-content\/uploads\/2025\/11\/Experience-Gutschein.jpg",800,800,false]},"categories":null,"categories_names":null,"comments_number":"0","jetpack_sharing_enabled":true,"_links":{"self":[{"href":"https:\/\/enter-thecircle.com\/de\/wp-json\/wp\/v2\/product\/3292","targetHints":{"allow":["GET"]}}],"collection":[{"href":"https:\/\/enter-thecircle.com\/de\/wp-json\/wp\/v2\/product"}],"about":[{"href":"https:\/\/enter-thecircle.com\/de\/wp-json\/wp\/v2\/types\/product"}],"replies":[{"embeddable":true,"href":"https:\/\/enter-thecircle.com\/de\/wp-json\/wp\/v2\/comments?post=3292"}],"wp:featuredmedia":[{"embeddable":true,"href":"https:\/\/enter-thecircle.com\/de\/wp-json\/wp\/v2\/media\/3349"}],"wp:attachment":[{"href":"https:\/\/enter-thecircle.com\/de\/wp-json\/wp\/v2\/media?parent=3292"}],"wp:term":[{"taxonomy":"product_brand","embeddable":true,"href":"https:\/\/enter-thecircle.com\/de\/wp-json\/wp\/v2\/product_brand?post=3292"},{"taxonomy":"product_cat","embeddable":true,"href":"https:\/\/enter-thecircle.com\/de\/wp-json\/wp\/v2\/product_cat?post=3292"},{"taxonomy":"product_tag","embeddable":true,"href":"https:\/\/enter-thecircle.com\/de\/wp-json\/wp\/v2\/product_tag?post=3292"}],"curies":[{"name":"wp","href":"https:\/\/api.w.org\/{rel}","templated":true}]}}