{"id":6,"date":"2024-09-30T14:57:31","date_gmt":"2024-09-30T12:57:31","guid":{"rendered":"https:\/\/enter-thecircle.com\/?page_id=6"},"modified":"2026-04-02T16:10:40","modified_gmt":"2026-04-02T14:10:40","slug":"6-2","status":"publish","type":"page","link":"https:\/\/enter-thecircle.com\/de\/","title":{"rendered":"ABOUT"},"content":{"rendered":"<p class=\"animated fadeInDown slow delay-100ms\">A unique overnight cocoon and private spa hidden in the heart of Kreuzberg, The Circle Berlin is a space where design flirts with sensuality, texture, light, and a dash of mischief! Created for intimacy and adventure, it welcomes singles, couples, and intimate groups of up to four\u2026<\/p>\n\n\n\n<div class=\"wp-block-buttons btn-outline-white is-content-justification-center is-layout-flex wp-container-core-buttons-is-layout-16018d1d wp-block-buttons-is-layout-flex\" style=\"font-style:normal;font-weight:100;line-height:1;text-decoration:none\">\n<div class=\"wp-block-button\"><a class=\"wp-block-button__link wp-element-button\" href=\"https:\/\/enter-thecircle.com\/de\/buchen\/\" target=\"_blank\" rel=\"noreferrer noopener\">Book Your Stay<\/a><\/div>\n\n\n\n<div class=\"wp-block-button\"><a class=\"wp-block-button__link wp-element-button\" href=\"https:\/\/enter-thecircle.com\/de\/about-us\/\" target=\"_blank\" rel=\"noreferrer noopener\">Discover More<\/a><\/div>\n<\/div>\n\n\n\n<h1 class=\"wp-block-heading\"><\/h1>","protected":false},"excerpt":{"rendered":"<p>A unique overnight cocoon and private spa hidden in the heart of Kreuzberg, The Circle Berlin is a space where design flirts with sensuality, texture, light, and a dash of mischief! Created for intimacy and adventure, it welcomes singles, couples, and intimate groups of up to four\u2026<\/p>","protected":false},"author":1,"featured_media":0,"parent":0,"menu_order":0,"comment_status":"closed","ping_status":"closed","template":"","meta":{"footnotes":""},"class_list":["post-6","page","type-page","status-publish","hentry"],"yoast_head":"<!-- This site is optimized with the Yoast SEO plugin v27.3 - https:\/\/yoast.com\/product\/yoast-seo-wordpress\/ -->\n<title>Private Spa &amp; Overnight Cocoon | The Circle Berlin<\/title>\n<meta name=\"description\" content=\"A private spa in Berlin for couples seeking intimacy and design. Overnight stays, wellness rituals, and playful extras at The Circle.\" \/>\n<meta name=\"robots\" content=\"noindex, follow\" \/>\n<meta property=\"og:locale\" content=\"de_DE\" \/>\n<meta property=\"og:type\" content=\"article\" \/>\n<meta property=\"og:title\" content=\"Private Spa &amp; Overnight Cocoon | The Circle Berlin\" \/>\n<meta property=\"og:description\" content=\"A private spa in Berlin for couples seeking intimacy and design. Overnight stays, wellness rituals, and playful extras at The Circle.\" \/>\n<meta property=\"og:url\" content=\"https:\/\/enter-thecircle.com\/de\/\" \/>\n<meta property=\"og:site_name\" content=\"THE CIRCLE\" \/>\n<meta property=\"article:publisher\" content=\"https:\/\/www.instagram.com\/enter_thecircle\/\" \/>\n<meta property=\"article:modified_time\" content=\"2026-04-02T14:10:40+00:00\" \/>\n<meta property=\"og:image\" content=\"https:\/\/enter-thecircle.com\/wp-content\/uploads\/2025\/01\/16-scaled.jpg\" \/>\n\t<meta property=\"og:image:width\" content=\"2560\" \/>\n\t<meta property=\"og:image:height\" content=\"1706\" \/>\n\t<meta property=\"og:image:type\" content=\"image\/jpeg\" \/>\n<meta name=\"twitter:card\" content=\"summary_large_image\" \/>\n<meta name=\"twitter:label1\" content=\"Gesch\u00e4tzte Lesezeit\" \/>\n\t<meta name=\"twitter:data1\" content=\"1\u00a0Minute\" \/>\n<script type=\"application\/ld+json\" class=\"yoast-schema-graph\">{\"@context\":\"https:\\\/\\\/schema.org\",\"@graph\":[{\"@type\":\"WebPage\",\"@id\":\"https:\\\/\\\/enter-thecircle.com\\\/\",\"url\":\"https:\\\/\\\/enter-thecircle.com\\\/\",\"name\":\"Private Spa & Overnight Cocoon | The Circle Berlin\",\"isPartOf\":{\"@id\":\"https:\\\/\\\/enter-thecircle.com\\\/#website\"},\"datePublished\":\"2024-09-30T12:57:31+00:00\",\"dateModified\":\"2026-04-02T14:10:40+00:00\",\"description\":\"A private spa in Berlin for couples seeking intimacy and design. Overnight stays, wellness rituals, and playful extras at The Circle.\",\"breadcrumb\":{\"@id\":\"https:\\\/\\\/enter-thecircle.com\\\/#breadcrumb\"},\"inLanguage\":\"de\",\"potentialAction\":[{\"@type\":\"ReadAction\",\"target\":[\"https:\\\/\\\/enter-thecircle.com\\\/\"]}]},{\"@type\":\"BreadcrumbList\",\"@id\":\"https:\\\/\\\/enter-thecircle.com\\\/#breadcrumb\",\"itemListElement\":[{\"@type\":\"ListItem\",\"position\":1,\"name\":\"Home\",\"item\":\"https:\\\/\\\/enter-thecircle.com\\\/\"},{\"@type\":\"ListItem\",\"position\":2,\"name\":\"ABOUT\"}]},{\"@type\":\"WebSite\",\"@id\":\"https:\\\/\\\/enter-thecircle.com\\\/#website\",\"url\":\"https:\\\/\\\/enter-thecircle.com\\\/\",\"name\":\"THE CIRCLE\",\"description\":\"A sensual overnight cocoon &amp; private spa\",\"publisher\":{\"@id\":\"https:\\\/\\\/enter-thecircle.com\\\/#organization\"},\"potentialAction\":[{\"@type\":\"SearchAction\",\"target\":{\"@type\":\"EntryPoint\",\"urlTemplate\":\"https:\\\/\\\/enter-thecircle.com\\\/?s={search_term_string}\"},\"query-input\":{\"@type\":\"PropertyValueSpecification\",\"valueRequired\":true,\"valueName\":\"search_term_string\"}}],\"inLanguage\":\"de\"},{\"@type\":\"Organization\",\"@id\":\"https:\\\/\\\/enter-thecircle.com\\\/#organization\",\"name\":\"THE CIRCLE CONCEPT HOTEL GMBH\",\"url\":\"https:\\\/\\\/enter-thecircle.com\\\/\",\"logo\":{\"@type\":\"ImageObject\",\"inLanguage\":\"de\",\"@id\":\"https:\\\/\\\/enter-thecircle.com\\\/#\\\/schema\\\/logo\\\/image\\\/\",\"url\":\"https:\\\/\\\/enter-thecircle.com\\\/wp-content\\\/uploads\\\/2025\\\/01\\\/16-scaled.jpg\",\"contentUrl\":\"https:\\\/\\\/enter-thecircle.com\\\/wp-content\\\/uploads\\\/2025\\\/01\\\/16-scaled.jpg\",\"width\":2560,\"height\":1706,\"caption\":\"THE CIRCLE CONCEPT HOTEL GMBH\"},\"image\":{\"@id\":\"https:\\\/\\\/enter-thecircle.com\\\/#\\\/schema\\\/logo\\\/image\\\/\"},\"sameAs\":[\"https:\\\/\\\/www.instagram.com\\\/enter_thecircle\\\/\"]}]}<\/script>\n<!-- \/ Yoast SEO plugin. -->","yoast_head_json":{"title":"Private Spa &amp; \u00dcbernachtungs-Kokon | The Circle Berlin","description":"Ein Private Spa in Berlin f\u00fcr Paare mit Sinn f\u00fcr Intimit\u00e4t und Design. \u00dcbernachtungen, Wellness-Rituale und verspielte Extras im The Circle.","robots":{"index":"noindex","follow":"follow"},"og_locale":"de_DE","og_type":"article","og_title":"Private Spa & Overnight Cocoon | The Circle Berlin","og_description":"A private spa in Berlin for couples seeking intimacy and design. Overnight stays, wellness rituals, and playful extras at The Circle.","og_url":"https:\/\/enter-thecircle.com\/de\/","og_site_name":"THE CIRCLE","article_publisher":"https:\/\/www.instagram.com\/enter_thecircle\/","article_modified_time":"2026-04-02T14:10:40+00:00","og_image":[{"width":2560,"height":1706,"url":"https:\/\/enter-thecircle.com\/wp-content\/uploads\/2025\/01\/16-scaled.jpg","type":"image\/jpeg"}],"twitter_card":"summary_large_image","twitter_misc":{"Gesch\u00e4tzte Lesezeit":"1\u00a0Minute"},"schema":{"@context":"https:\/\/schema.org","@graph":[{"@type":"WebPage","@id":"https:\/\/enter-thecircle.com\/","url":"https:\/\/enter-thecircle.com\/","name":"Private Spa &amp; \u00dcbernachtungs-Kokon | The Circle Berlin","isPartOf":{"@id":"https:\/\/enter-thecircle.com\/#website"},"datePublished":"2024-09-30T12:57:31+00:00","dateModified":"2026-04-02T14:10:40+00:00","description":"Ein Private Spa in Berlin f\u00fcr Paare mit Sinn f\u00fcr Intimit\u00e4t und Design. \u00dcbernachtungen, Wellness-Rituale und verspielte Extras im The Circle.","breadcrumb":{"@id":"https:\/\/enter-thecircle.com\/#breadcrumb"},"inLanguage":"de","potentialAction":[{"@type":"ReadAction","target":["https:\/\/enter-thecircle.com\/"]}]},{"@type":"BreadcrumbList","@id":"https:\/\/enter-thecircle.com\/#breadcrumb","itemListElement":[{"@type":"ListItem","position":1,"name":"Home","item":"https:\/\/enter-thecircle.com\/"},{"@type":"ListItem","position":2,"name":"ABOUT"}]},{"@type":"WebSite","@id":"https:\/\/enter-thecircle.com\/#website","url":"https:\/\/enter-thecircle.com\/","name":"THE CIRCLE","description":"Ein sinnlicher \u00dcbernachtungs-Kokon &amp; Private Spa","publisher":{"@id":"https:\/\/enter-thecircle.com\/#organization"},"potentialAction":[{"@type":"SearchAction","target":{"@type":"EntryPoint","urlTemplate":"https:\/\/enter-thecircle.com\/?s={search_term_string}"},"query-input":{"@type":"PropertyValueSpecification","valueRequired":true,"valueName":"search_term_string"}}],"inLanguage":"de"},{"@type":"Organization","@id":"https:\/\/enter-thecircle.com\/#organization","name":"THE CIRCLE CONCEPT HOTEL GMBH","url":"https:\/\/enter-thecircle.com\/","logo":{"@type":"ImageObject","inLanguage":"de","@id":"https:\/\/enter-thecircle.com\/#\/schema\/logo\/image\/","url":"https:\/\/enter-thecircle.com\/wp-content\/uploads\/2025\/01\/16-scaled.jpg","contentUrl":"https:\/\/enter-thecircle.com\/wp-content\/uploads\/2025\/01\/16-scaled.jpg","width":2560,"height":1706,"caption":"THE CIRCLE CONCEPT HOTEL GMBH"},"image":{"@id":"https:\/\/enter-thecircle.com\/#\/schema\/logo\/image\/"},"sameAs":["https:\/\/www.instagram.com\/enter_thecircle\/"]}]}},"blog_post_layout_featured_media_urls":{"thumbnail":"","full":""},"categories_names":null,"comments_number":"0","jetpack_sharing_enabled":true,"_links":{"self":[{"href":"https:\/\/enter-thecircle.com\/de\/wp-json\/wp\/v2\/pages\/6","targetHints":{"allow":["GET"]}}],"collection":[{"href":"https:\/\/enter-thecircle.com\/de\/wp-json\/wp\/v2\/pages"}],"about":[{"href":"https:\/\/enter-thecircle.com\/de\/wp-json\/wp\/v2\/types\/page"}],"author":[{"embeddable":true,"href":"https:\/\/enter-thecircle.com\/de\/wp-json\/wp\/v2\/users\/1"}],"replies":[{"embeddable":true,"href":"https:\/\/enter-thecircle.com\/de\/wp-json\/wp\/v2\/comments?post=6"}],"version-history":[{"count":196,"href":"https:\/\/enter-thecircle.com\/de\/wp-json\/wp\/v2\/pages\/6\/revisions"}],"predecessor-version":[{"id":4222,"href":"https:\/\/enter-thecircle.com\/de\/wp-json\/wp\/v2\/pages\/6\/revisions\/4222"}],"wp:attachment":[{"href":"https:\/\/enter-thecircle.com\/de\/wp-json\/wp\/v2\/media?parent=6"}],"curies":[{"name":"wp","href":"https:\/\/api.w.org\/{rel}","templated":true}]}}