{"id":3181,"date":"2025-11-11T11:30:00","date_gmt":"2025-11-11T10:30:00","guid":{"rendered":"https:\/\/enter-thecircle.com\/shipping__delivery\/"},"modified":"2026-01-13T17:35:31","modified_gmt":"2026-01-13T16:35:31","slug":"shipping-delivery","status":"publish","type":"page","link":"https:\/\/enter-thecircle.com\/de\/shipping-delivery\/","title":{"rendered":"VERSAND &amp; LIEFERUNG"},"content":{"rendered":"<p><span style=\"font-size: 14px;\">Die auf den Produktseiten angegebenen Preise verstehen sich ohne die gesetzliche Mehrwertsteuer (MwSt) (7\u202f%) und sonstige Preisbestandteile.<\/span><\/p>\n<p><span style=\"font-size: 14px;\">Wir liefern an Adressen weltweit.<\/span><\/p>\n<p><span style=\"font-size: 14px;\">F\u00fcr digitale Produkte wie Gutscheine, E-Books oder Software fallen keine Versandkosten an. Digitale Gutscheine erh\u00e4ltst du innerhalb von 24\u202fStunden nach der Bestellung per E-Mail.<\/span><\/p>\n<p><span style=\"font-size: 14px;\">Gedruckte Gutscheine innerhalb Deutschlands werden per Post f\u00fcr eine Pauschale von 10\u202f\u20ac verschickt. Die Lieferung erfolgt typischerweise innerhalb von 2\u20135 Werktagen. Der Versand in andere europ\u00e4ische L\u00e4nder (au\u00dfer Deutschland) ist f\u00fcr eine Pauschale von 15\u202f\u20ac m\u00f6glich. Der internationale Versand in L\u00e4nder au\u00dferhalb Europas kostet pauschal 25\u202f\u20ac. Die Lieferzeiten variieren je nach Zielort und Zollabwicklung; internationale Lieferungen k\u00f6nnen 7\u201321 Werktage dauern. Die Versandkosten werden dir beim Bestellvorgang im Warenkorb angezeigt und auf der Bestellseite nochmals best\u00e4tigt.<\/span><\/p>\n<p><span style=\"font-size: 14px;\">Eine Lieferung zu einem bestimmten Termin kann nicht zugesichert werden, vor allem in Spitzenzeiten wie Weihnachten.<\/span><\/p>\n<p><span style=\"font-size: 14px;\">F\u00fcr Verz\u00f6gerungen, die durch Postdienste, Zollabfertigung oder andere Einfl\u00fcsse au\u00dferhalb unserer Kontrolle entstehen, \u00fcbernimmt The Circle Concept Hotel GmbH keine Haftung.<\/span><\/p>","protected":false},"excerpt":{"rendered":"<p>The prices given on product pages are exclusive of statutory value-added tax (VAT) (7%) and other price components. We ship to addresses worldwide. No shipping costs are incurred in connection with digital content (e.g., digital vouchers, e-books, software, etc.). Digital vouchers are sent via email within 24 hours of ordering. Printed vouchers within Germany are &hellip; <\/p>\n<p class=\"link-more\"><a href=\"https:\/\/enter-thecircle.com\/de\/shipping-delivery\/\" class=\"more-link\"><span class=\"screen-reader-text\">\u201eSHIPPING &amp; DELIVERY\u201c<\/span> weiterlesen<\/a><\/p>","protected":false},"author":1,"featured_media":0,"parent":0,"menu_order":0,"comment_status":"closed","ping_status":"closed","template":"","meta":{"footnotes":""},"class_list":["post-3181","page","type-page","status-publish","hentry"],"yoast_head":"<!-- This site is optimized with the Yoast SEO plugin v27.3 - https:\/\/yoast.com\/product\/yoast-seo-wordpress\/ -->\n<title>SHIPPING &amp; DELIVERY - THE CIRCLE<\/title>\n<meta name=\"robots\" content=\"noindex, follow\" \/>\n<meta property=\"og:locale\" content=\"de_DE\" \/>\n<meta property=\"og:type\" content=\"article\" \/>\n<meta property=\"og:title\" content=\"SHIPPING &amp; DELIVERY - THE CIRCLE\" \/>\n<meta property=\"og:description\" content=\"The prices given on product pages are exclusive of statutory value-added tax (VAT) (7%) and other price components. We ship to addresses worldwide. No shipping costs are incurred in connection with digital content (e.g., digital vouchers, e-books, software, etc.). Digital vouchers are sent via email within 24 hours of ordering. Printed vouchers within Germany are &hellip; \u201eSHIPPING &amp; DELIVERY\u201c weiterlesen\" \/>\n<meta property=\"og:url\" content=\"https:\/\/enter-thecircle.com\/de\/shipping-delivery\/\" \/>\n<meta property=\"og:site_name\" content=\"THE CIRCLE\" \/>\n<meta property=\"article:publisher\" content=\"https:\/\/www.instagram.com\/enter_thecircle\/\" \/>\n<meta property=\"article:modified_time\" content=\"2026-01-13T16:35:31+00:00\" \/>\n<meta name=\"twitter:card\" content=\"summary_large_image\" \/>\n<meta name=\"twitter:label1\" content=\"Gesch\u00e4tzte Lesezeit\" \/>\n\t<meta name=\"twitter:data1\" content=\"1\u00a0Minute\" \/>\n<script type=\"application\/ld+json\" class=\"yoast-schema-graph\">{\"@context\":\"https:\\\/\\\/schema.org\",\"@graph\":[{\"@type\":\"WebPage\",\"@id\":\"https:\\\/\\\/enter-thecircle.com\\\/shipping-delivery\\\/\",\"url\":\"https:\\\/\\\/enter-thecircle.com\\\/shipping-delivery\\\/\",\"name\":\"SHIPPING &amp; DELIVERY - THE CIRCLE\",\"isPartOf\":{\"@id\":\"https:\\\/\\\/enter-thecircle.com\\\/#website\"},\"datePublished\":\"2025-11-11T10:30:00+00:00\",\"dateModified\":\"2026-01-13T16:35:31+00:00\",\"breadcrumb\":{\"@id\":\"https:\\\/\\\/enter-thecircle.com\\\/shipping-delivery\\\/#breadcrumb\"},\"inLanguage\":\"de\",\"potentialAction\":[{\"@type\":\"ReadAction\",\"target\":[\"https:\\\/\\\/enter-thecircle.com\\\/shipping-delivery\\\/\"]}]},{\"@type\":\"BreadcrumbList\",\"@id\":\"https:\\\/\\\/enter-thecircle.com\\\/shipping-delivery\\\/#breadcrumb\",\"itemListElement\":[{\"@type\":\"ListItem\",\"position\":1,\"name\":\"Home\",\"item\":\"https:\\\/\\\/enter-thecircle.com\\\/\"},{\"@type\":\"ListItem\",\"position\":2,\"name\":\"SHIPPING &amp; DELIVERY\"}]},{\"@type\":\"WebSite\",\"@id\":\"https:\\\/\\\/enter-thecircle.com\\\/#website\",\"url\":\"https:\\\/\\\/enter-thecircle.com\\\/\",\"name\":\"THE CIRCLE\",\"description\":\"A sensual overnight cocoon &amp; private spa\",\"publisher\":{\"@id\":\"https:\\\/\\\/enter-thecircle.com\\\/#organization\"},\"potentialAction\":[{\"@type\":\"SearchAction\",\"target\":{\"@type\":\"EntryPoint\",\"urlTemplate\":\"https:\\\/\\\/enter-thecircle.com\\\/?s={search_term_string}\"},\"query-input\":{\"@type\":\"PropertyValueSpecification\",\"valueRequired\":true,\"valueName\":\"search_term_string\"}}],\"inLanguage\":\"de\"},{\"@type\":\"Organization\",\"@id\":\"https:\\\/\\\/enter-thecircle.com\\\/#organization\",\"name\":\"THE CIRCLE CONCEPT HOTEL GMBH\",\"url\":\"https:\\\/\\\/enter-thecircle.com\\\/\",\"logo\":{\"@type\":\"ImageObject\",\"inLanguage\":\"de\",\"@id\":\"https:\\\/\\\/enter-thecircle.com\\\/#\\\/schema\\\/logo\\\/image\\\/\",\"url\":\"https:\\\/\\\/enter-thecircle.com\\\/wp-content\\\/uploads\\\/2025\\\/01\\\/16-scaled.jpg\",\"contentUrl\":\"https:\\\/\\\/enter-thecircle.com\\\/wp-content\\\/uploads\\\/2025\\\/01\\\/16-scaled.jpg\",\"width\":2560,\"height\":1706,\"caption\":\"THE CIRCLE CONCEPT HOTEL GMBH\"},\"image\":{\"@id\":\"https:\\\/\\\/enter-thecircle.com\\\/#\\\/schema\\\/logo\\\/image\\\/\"},\"sameAs\":[\"https:\\\/\\\/www.instagram.com\\\/enter_thecircle\\\/\"]}]}<\/script>\n<!-- \/ Yoast SEO plugin. -->","yoast_head_json":{"title":"SHIPPING &amp; DELIVERY - THE CIRCLE","robots":{"index":"noindex","follow":"follow"},"og_locale":"de_DE","og_type":"article","og_title":"SHIPPING &amp; DELIVERY - THE CIRCLE","og_description":"The prices given on product pages are exclusive of statutory value-added tax (VAT) (7%) and other price components. We ship to addresses worldwide. No shipping costs are incurred in connection with digital content (e.g., digital vouchers, e-books, software, etc.). Digital vouchers are sent via email within 24 hours of ordering. Printed vouchers within Germany are &hellip; \u201eSHIPPING &amp; DELIVERY\u201c weiterlesen","og_url":"https:\/\/enter-thecircle.com\/de\/shipping-delivery\/","og_site_name":"THE CIRCLE","article_publisher":"https:\/\/www.instagram.com\/enter_thecircle\/","article_modified_time":"2026-01-13T16:35:31+00:00","twitter_card":"summary_large_image","twitter_misc":{"Gesch\u00e4tzte Lesezeit":"1\u00a0Minute"},"schema":{"@context":"https:\/\/schema.org","@graph":[{"@type":"WebPage","@id":"https:\/\/enter-thecircle.com\/shipping-delivery\/","url":"https:\/\/enter-thecircle.com\/shipping-delivery\/","name":"SHIPPING &amp; DELIVERY - THE CIRCLE","isPartOf":{"@id":"https:\/\/enter-thecircle.com\/#website"},"datePublished":"2025-11-11T10:30:00+00:00","dateModified":"2026-01-13T16:35:31+00:00","breadcrumb":{"@id":"https:\/\/enter-thecircle.com\/shipping-delivery\/#breadcrumb"},"inLanguage":"de","potentialAction":[{"@type":"ReadAction","target":["https:\/\/enter-thecircle.com\/shipping-delivery\/"]}]},{"@type":"BreadcrumbList","@id":"https:\/\/enter-thecircle.com\/shipping-delivery\/#breadcrumb","itemListElement":[{"@type":"ListItem","position":1,"name":"Home","item":"https:\/\/enter-thecircle.com\/"},{"@type":"ListItem","position":2,"name":"SHIPPING &amp; DELIVERY"}]},{"@type":"WebSite","@id":"https:\/\/enter-thecircle.com\/#website","url":"https:\/\/enter-thecircle.com\/","name":"THE CIRCLE","description":"Ein sinnlicher \u00dcbernachtungs-Kokon &amp; Private Spa","publisher":{"@id":"https:\/\/enter-thecircle.com\/#organization"},"potentialAction":[{"@type":"SearchAction","target":{"@type":"EntryPoint","urlTemplate":"https:\/\/enter-thecircle.com\/?s={search_term_string}"},"query-input":{"@type":"PropertyValueSpecification","valueRequired":true,"valueName":"search_term_string"}}],"inLanguage":"de"},{"@type":"Organization","@id":"https:\/\/enter-thecircle.com\/#organization","name":"THE CIRCLE CONCEPT HOTEL GMBH","url":"https:\/\/enter-thecircle.com\/","logo":{"@type":"ImageObject","inLanguage":"de","@id":"https:\/\/enter-thecircle.com\/#\/schema\/logo\/image\/","url":"https:\/\/enter-thecircle.com\/wp-content\/uploads\/2025\/01\/16-scaled.jpg","contentUrl":"https:\/\/enter-thecircle.com\/wp-content\/uploads\/2025\/01\/16-scaled.jpg","width":2560,"height":1706,"caption":"THE CIRCLE CONCEPT HOTEL GMBH"},"image":{"@id":"https:\/\/enter-thecircle.com\/#\/schema\/logo\/image\/"},"sameAs":["https:\/\/www.instagram.com\/enter_thecircle\/"]}]}},"blog_post_layout_featured_media_urls":{"thumbnail":"","full":""},"categories_names":null,"comments_number":"0","jetpack_sharing_enabled":true,"_links":{"self":[{"href":"https:\/\/enter-thecircle.com\/de\/wp-json\/wp\/v2\/pages\/3181","targetHints":{"allow":["GET"]}}],"collection":[{"href":"https:\/\/enter-thecircle.com\/de\/wp-json\/wp\/v2\/pages"}],"about":[{"href":"https:\/\/enter-thecircle.com\/de\/wp-json\/wp\/v2\/types\/page"}],"author":[{"embeddable":true,"href":"https:\/\/enter-thecircle.com\/de\/wp-json\/wp\/v2\/users\/1"}],"replies":[{"embeddable":true,"href":"https:\/\/enter-thecircle.com\/de\/wp-json\/wp\/v2\/comments?post=3181"}],"version-history":[{"count":5,"href":"https:\/\/enter-thecircle.com\/de\/wp-json\/wp\/v2\/pages\/3181\/revisions"}],"predecessor-version":[{"id":3420,"href":"https:\/\/enter-thecircle.com\/de\/wp-json\/wp\/v2\/pages\/3181\/revisions\/3420"}],"wp:attachment":[{"href":"https:\/\/enter-thecircle.com\/de\/wp-json\/wp\/v2\/media?parent=3181"}],"curies":[{"name":"wp","href":"https:\/\/api.w.org\/{rel}","templated":true}]}}