{"id":3136,"date":"2025-11-03T16:00:14","date_gmt":"2025-11-03T15:00:14","guid":{"rendered":"https:\/\/enter-thecircle.com\/revocation\/"},"modified":"2026-01-13T17:55:13","modified_gmt":"2026-01-13T16:55:13","slug":"stornierung-rueckerstattung","status":"publish","type":"page","link":"https:\/\/enter-thecircle.com\/de\/stornierung-rueckerstattung\/","title":{"rendered":"STORNIERUNG &amp; R\u00dcCKERSTATTUNG"},"content":{"rendered":"<p><span style=\"font-size: 14px;\"><i>Zuletzt aktualisiert: 26.11.2025<\/i><\/span><\/p>\n<p><span style=\"font-size: 14px;\"><strong>Allgemeine Informationen<\/strong><\/span><\/p>\n<p><span style=\"font-size: 14px;\">Ein Verbraucher ist jede nat\u00fcrliche Person, die ein Rechtsgesch\u00e4ft zu Zwecken abschlie\u00dft, die \u00fcberwiegend weder ihrer gewerblichen noch ihrer selbst\u00e4ndigen beruflichen T\u00e4tigkeit zugerechnet werden k\u00f6nnen.<\/span><\/p>\n<p><span style=\"font-size: 14px;\">Unsere Gutscheine stellen einen Guthabenwert dar, der f\u00fcr Waren und\/oder Dienstleistungen der Circle Concept Hotel GmbH eingel\u00f6st werden kann. Mit dem Kauf oder der Einl\u00f6sung eines Gutscheins erkl\u00e4rst du dich einverstanden mit den Bedingungen dieser Stornierungs- &amp; R\u00fcckerstattungsrichtlinie sowie unserer allgemeinen <a href=\"https:\/\/enter-thecircle.com\/de\/the-circle-voucher-terms\/\" target=\"_blank\" rel=\"noopener\">Gutscheinbedingungen<\/a>.<\/span><\/p>\n<p><strong><span style=\"font-size: 14px;\">Widerrufsrecht<br \/>\n<\/span><\/strong><br \/>\n<span style=\"font-size: 14px;\">Du hast das Recht, diesen Vertrag innerhalb einer vierzehnt\u00e4gigen Widerrufsfrist ohne Angabe von Gr\u00fcnden zu widerrufen. Die Frist beginnt an dem Tag, an dem du oder ein von dir benannter Dritter (nicht der Bef\u00f6rderer) die Waren in Empfang nehmen.\nUm dein Widerrufsrecht auszu\u00fcben, musst du uns (The Circle Concept Hotel GmbH, Skalitzerstra\u00dfe 59, 10997 Berlin, Deutschland; come@enter-thecircle.com; +49 1631872040) \u00fcber deine Entscheidung, diesen Vertrag zu widerrufen, durch eine eindeutige Erkl\u00e4rung informieren (z.\u202fB. per Brief oder E-Mail).\nDu kannst \u2013 bist jedoch nicht verpflichtet \u2013 das der Widerrufsbelehrung beigef\u00fcgte Muster-Widerrufsformular verwenden.\nZur Wahrung der Widerrufsfrist reicht es aus, dass du die Mitteilung \u00fcber die Aus\u00fcbung des Widerrufsrechts vor Ablauf der Widerrufsfrist absendest.<\/span><\/p>\n<p><strong><span style=\"font-size: 14px;\">Folgen des Widerrufs<br \/>\n<\/span><\/strong><br \/>\n<span style=\"font-size: 14px;\">Wenn du diesen Vertrag widerrufst, sind wir verpflichtet, alle von dir erhaltenen Zahlungen (mit Ausnahme der Versandkosten) unverz\u00fcglich und sp\u00e4testens innerhalb von vierzehn Tagen ab dem Tag zur\u00fcckzuzahlen, an dem wir deine Mitteilung \u00fcber den Widerruf des Vertrags erhalten. Die R\u00fcckzahlung erfolgt mit derselben Zahlungsart, die du f\u00fcr die urspr\u00fcngliche Transaktion verwendet hast, sofern nichts anderes mit dir vereinbart wurde; in keinem Fall werden dir Geb\u00fchren im Zusammenhang mit der R\u00fcckzahlung berechnet. Wir behalten uns das Recht vor, die R\u00fcckzahlung zu verweigern, bis wir die zur\u00fcckgesandten Waren erhalten haben oder du nachgewiesen hast, dass du die Waren zur\u00fcckgesandt hast (je nachdem, welcher Zeitpunkt fr\u00fcher eintritt). Du bist verpflichtet, die Waren unverz\u00fcglich und sp\u00e4testens innerhalb von vierzehn Tagen ab dem Tag zur\u00fcckzusenden, an dem du uns \u00fcber den Widerruf dieses Vertrags informiert hast. Die Frist ist gewahrt, wenn du die Waren vor Ablauf der vierzehnt\u00e4gigen Frist versendest.<\/span><\/p>\n<p><span style=\"font-size: 14px;\">Du tr\u00e4gst die unmittelbaren Kosten der R\u00fccksendung der Waren, falls dies zutrifft.<\/span><\/p>\n<p><span style=\"font-size: 14px;\">F\u00fcr eine Wertminderung der Waren haftest du nur, wenn diese durch eine Handhabung entstanden ist, die \u00fcber die blo\u00dfe Pr\u00fcfung der Beschaffenheit, Eigenschaften und Funktion hinausgeht.<\/span><\/p>\n<p><span style=\"font-size: 14px;\"><strong>R\u00fcckerstattung von Gutscheinen nach der Widerrufsfrist<\/strong><\/span><\/p>\n<p><span style=\"font-size: 14px;\">Nach Ablauf der 14-t\u00e4gigen Widerrufsfrist sind Gutscheine in der Regel nicht erstattungsf\u00e4hig. <\/span><span style=\"font-size: 14px;\">Eine R\u00fcckerstattung ist nur in Ausnahmef\u00e4llen m\u00f6glich, zum Beispiel:<\/span><\/p>\n<p><span style=\"font-size: 14px;\">* Wenn wir die mit dem Gutschein verbundenen Waren oder Dienstleistungen nicht bereitstellen k\u00f6nnen<br \/>\n* <\/span><span style=\"font-size: 14px;\">Wenn sich unsere Gesch\u00e4ftst\u00e4tigkeit \u00e4ndert oder eingestellt wird und eine Einl\u00f6sung des Gutscheins dadurch unm\u00f6glich wird<\/span><\/p>\n<p><span style=\"font-size: 14px;\">In solchen F\u00e4llen bieten wir dir eine angemessene L\u00f6sung an, die gegebenenfalls auch eine R\u00fcckerstattung in Geld umfassen kann.<\/span><\/p>\n<p><span style=\"font-size: 14px;\"><strong>G\u00fcltigkeitszeitraum des Gutscheins<\/strong><\/span><\/p>\n<p><span style=\"font-size: 14px;\">Sofern auf dem Gutschein nichts anderes angegeben ist:<\/span><\/p>\n<p><span style=\"font-size: 14px;\">* Unsere Gutscheine sind ab Ausstellungsdatum 2 Jahre lang g\u00fcltig. <\/span><br \/>\n<span style=\"font-size: 14px;\">* Nach Ablauf der G\u00fcltigkeit kann der Gutschein nicht mehr eingel\u00f6st werden.<\/span><\/p>\n<p><span style=\"font-size: 14px;\">Gutscheine mit k\u00fcrzerer G\u00fcltigkeit (z.\u202fB. f\u00fcr bestimmte Events oder zeitlich begrenzte Leistungen) geben das Ablaufdatum beim Kauf eindeutig an.<\/span><\/p>\n<p><span style=\"font-size: 14px;\"><strong>Einl\u00f6sung von Gutscheinen<\/strong><\/span><\/p>\n<p><span style=\"font-size: 14px;\">* Gutscheine k\u00f6nnen nur bei The Circle Concept Hotel GmbH eingel\u00f6st werden und nur f\u00fcr die Produkte oder Dienstleistungen, die zum Zeitpunkt der Einl\u00f6sung angeboten werden.<\/span><br \/>\n<span style=\"font-size: 14px;\">* Gutscheine k\u00f6nnen nicht in Bargeld umgetauscht werden.<\/span><br \/>\n<span style=\"font-size: 14px;\">* Bei Einl\u00f6sungen unter dem Wert des Gutscheins wird kein Wechselgeld ausgezahlt; das Restguthaben bleibt jedoch bis zum Ablaufdatum verf\u00fcgbar.<\/span><\/p>\n<p><strong><span style=\"font-size: 14px;\">Muster-Widerrufsformular<br \/>\n<\/span><\/strong><br \/>\n<span style=\"font-size: 14px;\">Wenn du den Vertrag widerrufen m\u00f6chtest, f\u00fclle bitte dieses Formular aus und sende es an uns zur\u00fcck.<\/span><br \/>\n<span style=\"font-size: 14px;\">\u2013 An The Circle Concept Hotel GmbH, Skalitzerstrasse 59,10997, Berlin, Germany; come@enter-thecircle.com:<\/span><br \/>\n<span style=\"font-size: 14px;\">\u2013 Ich\/wir (*) widerrufe(n) hiermit den von mir\/uns (*) abgeschlossenen Vertrag \u00fcber den Kauf der folgenden Waren (*)\/ die Erbringung der folgenden Dienstleistung (*).<\/span><br \/>\n<span style=\"font-size: 14px;\">\u2013 Bestellt (*)\/Erhalten (*)<\/span><br \/>\n<span style=\"font-size: 14px;\">\u2013 Name des\/der Verbraucher(s)<\/span><br \/>\n<span style=\"font-size: 14px;\">\u2013 Anschrift des\/der Verbraucher(s)<\/span><br \/>\n<span style=\"font-size: 14px;\">\u2013 Unterschrift des\/der Verbraucher(s) (nur erforderlich, wenn der Widerruf auf Papier eingereicht wird)<\/span><br \/>\n<span style=\"font-size: 14px;\">\u2013 Datum<\/span><br \/>\n<span style=\"font-size: 14px;\">&#8212;&#8212;&#8212;&#8212;&#8212;&#8212;&#8212;&#8212;&#8212;&#8212;&#8212;&#8212;&#8212;<\/span><br \/>\n<span style=\"font-size: 14px;\">(*) Entf\u00e4llt, falls nicht zutreffend.<\/span><\/p>","protected":false},"excerpt":{"rendered":"<p>Last updated: 26.11.2025 General Information A consumer is any natural person who completes a legal transaction for purposes that are for the most part not attributable to any professional activity of either a commercial or self-employed nature they engage in. Our vouchers represent a credit that can be redeemed for goods and\/or services offered by &hellip; <\/p>\n<p class=\"link-more\"><a href=\"https:\/\/enter-thecircle.com\/de\/stornierung-rueckerstattung\/\" class=\"more-link\"><span class=\"screen-reader-text\">\u201eCANCELLATION &amp; REFUND POLICY\u201c<\/span> weiterlesen<\/a><\/p>","protected":false},"author":1,"featured_media":0,"parent":0,"menu_order":0,"comment_status":"closed","ping_status":"closed","template":"","meta":{"footnotes":""},"class_list":["post-3136","page","type-page","status-publish","hentry"],"yoast_head":"<!-- This site is optimized with the Yoast SEO plugin v27.3 - https:\/\/yoast.com\/product\/yoast-seo-wordpress\/ -->\n<title>CANCELLATION &amp; REFUND POLICY - THE CIRCLE<\/title>\n<meta name=\"robots\" content=\"noindex, follow\" \/>\n<meta property=\"og:locale\" content=\"de_DE\" \/>\n<meta property=\"og:type\" content=\"article\" \/>\n<meta property=\"og:title\" content=\"CANCELLATION &amp; REFUND POLICY - THE CIRCLE\" \/>\n<meta property=\"og:description\" content=\"Last updated: 26.11.2025 General Information A consumer is any natural person who completes a legal transaction for purposes that are for the most part not attributable to any professional activity of either a commercial or self-employed nature they engage in. Our vouchers represent a credit that can be redeemed for goods and\/or services offered by &hellip; \u201eCANCELLATION &amp; REFUND POLICY\u201c weiterlesen\" \/>\n<meta property=\"og:url\" content=\"https:\/\/enter-thecircle.com\/de\/stornierung-rueckerstattung\/\" \/>\n<meta property=\"og:site_name\" content=\"THE CIRCLE\" \/>\n<meta property=\"article:publisher\" content=\"https:\/\/www.instagram.com\/enter_thecircle\/\" \/>\n<meta property=\"article:modified_time\" content=\"2026-01-13T16:55:13+00:00\" \/>\n<meta name=\"twitter:card\" content=\"summary_large_image\" \/>\n<meta name=\"twitter:label1\" content=\"Gesch\u00e4tzte Lesezeit\" \/>\n\t<meta name=\"twitter:data1\" content=\"4\u00a0Minuten\" \/>\n<script type=\"application\/ld+json\" class=\"yoast-schema-graph\">{\"@context\":\"https:\\\/\\\/schema.org\",\"@graph\":[{\"@type\":\"WebPage\",\"@id\":\"https:\\\/\\\/enter-thecircle.com\\\/revocation\\\/\",\"url\":\"https:\\\/\\\/enter-thecircle.com\\\/revocation\\\/\",\"name\":\"CANCELLATION &amp; REFUND POLICY - THE CIRCLE\",\"isPartOf\":{\"@id\":\"https:\\\/\\\/enter-thecircle.com\\\/#website\"},\"datePublished\":\"2025-11-03T15:00:14+00:00\",\"dateModified\":\"2026-01-13T16:55:13+00:00\",\"breadcrumb\":{\"@id\":\"https:\\\/\\\/enter-thecircle.com\\\/revocation\\\/#breadcrumb\"},\"inLanguage\":\"de\",\"potentialAction\":[{\"@type\":\"ReadAction\",\"target\":[\"https:\\\/\\\/enter-thecircle.com\\\/revocation\\\/\"]}]},{\"@type\":\"BreadcrumbList\",\"@id\":\"https:\\\/\\\/enter-thecircle.com\\\/revocation\\\/#breadcrumb\",\"itemListElement\":[{\"@type\":\"ListItem\",\"position\":1,\"name\":\"Home\",\"item\":\"https:\\\/\\\/enter-thecircle.com\\\/\"},{\"@type\":\"ListItem\",\"position\":2,\"name\":\"CANCELLATION &amp; REFUND POLICY\"}]},{\"@type\":\"WebSite\",\"@id\":\"https:\\\/\\\/enter-thecircle.com\\\/#website\",\"url\":\"https:\\\/\\\/enter-thecircle.com\\\/\",\"name\":\"THE CIRCLE\",\"description\":\"A sensual overnight cocoon &amp; private spa\",\"publisher\":{\"@id\":\"https:\\\/\\\/enter-thecircle.com\\\/#organization\"},\"potentialAction\":[{\"@type\":\"SearchAction\",\"target\":{\"@type\":\"EntryPoint\",\"urlTemplate\":\"https:\\\/\\\/enter-thecircle.com\\\/?s={search_term_string}\"},\"query-input\":{\"@type\":\"PropertyValueSpecification\",\"valueRequired\":true,\"valueName\":\"search_term_string\"}}],\"inLanguage\":\"de\"},{\"@type\":\"Organization\",\"@id\":\"https:\\\/\\\/enter-thecircle.com\\\/#organization\",\"name\":\"THE CIRCLE CONCEPT HOTEL GMBH\",\"url\":\"https:\\\/\\\/enter-thecircle.com\\\/\",\"logo\":{\"@type\":\"ImageObject\",\"inLanguage\":\"de\",\"@id\":\"https:\\\/\\\/enter-thecircle.com\\\/#\\\/schema\\\/logo\\\/image\\\/\",\"url\":\"https:\\\/\\\/enter-thecircle.com\\\/wp-content\\\/uploads\\\/2025\\\/01\\\/16-scaled.jpg\",\"contentUrl\":\"https:\\\/\\\/enter-thecircle.com\\\/wp-content\\\/uploads\\\/2025\\\/01\\\/16-scaled.jpg\",\"width\":2560,\"height\":1706,\"caption\":\"THE CIRCLE CONCEPT HOTEL GMBH\"},\"image\":{\"@id\":\"https:\\\/\\\/enter-thecircle.com\\\/#\\\/schema\\\/logo\\\/image\\\/\"},\"sameAs\":[\"https:\\\/\\\/www.instagram.com\\\/enter_thecircle\\\/\"]}]}<\/script>\n<!-- \/ Yoast SEO plugin. -->","yoast_head_json":{"title":"CANCELLATION &amp; REFUND POLICY - THE CIRCLE","robots":{"index":"noindex","follow":"follow"},"og_locale":"de_DE","og_type":"article","og_title":"CANCELLATION &amp; REFUND POLICY - THE CIRCLE","og_description":"Last updated: 26.11.2025 General Information A consumer is any natural person who completes a legal transaction for purposes that are for the most part not attributable to any professional activity of either a commercial or self-employed nature they engage in. Our vouchers represent a credit that can be redeemed for goods and\/or services offered by &hellip; \u201eCANCELLATION &amp; REFUND POLICY\u201c weiterlesen","og_url":"https:\/\/enter-thecircle.com\/de\/stornierung-rueckerstattung\/","og_site_name":"THE CIRCLE","article_publisher":"https:\/\/www.instagram.com\/enter_thecircle\/","article_modified_time":"2026-01-13T16:55:13+00:00","twitter_card":"summary_large_image","twitter_misc":{"Gesch\u00e4tzte Lesezeit":"4\u00a0Minuten"},"schema":{"@context":"https:\/\/schema.org","@graph":[{"@type":"WebPage","@id":"https:\/\/enter-thecircle.com\/revocation\/","url":"https:\/\/enter-thecircle.com\/revocation\/","name":"CANCELLATION &amp; REFUND POLICY - THE CIRCLE","isPartOf":{"@id":"https:\/\/enter-thecircle.com\/#website"},"datePublished":"2025-11-03T15:00:14+00:00","dateModified":"2026-01-13T16:55:13+00:00","breadcrumb":{"@id":"https:\/\/enter-thecircle.com\/revocation\/#breadcrumb"},"inLanguage":"de","potentialAction":[{"@type":"ReadAction","target":["https:\/\/enter-thecircle.com\/revocation\/"]}]},{"@type":"BreadcrumbList","@id":"https:\/\/enter-thecircle.com\/revocation\/#breadcrumb","itemListElement":[{"@type":"ListItem","position":1,"name":"Home","item":"https:\/\/enter-thecircle.com\/"},{"@type":"ListItem","position":2,"name":"CANCELLATION &amp; REFUND POLICY"}]},{"@type":"WebSite","@id":"https:\/\/enter-thecircle.com\/#website","url":"https:\/\/enter-thecircle.com\/","name":"THE CIRCLE","description":"Ein sinnlicher \u00dcbernachtungs-Kokon &amp; Private Spa","publisher":{"@id":"https:\/\/enter-thecircle.com\/#organization"},"potentialAction":[{"@type":"SearchAction","target":{"@type":"EntryPoint","urlTemplate":"https:\/\/enter-thecircle.com\/?s={search_term_string}"},"query-input":{"@type":"PropertyValueSpecification","valueRequired":true,"valueName":"search_term_string"}}],"inLanguage":"de"},{"@type":"Organization","@id":"https:\/\/enter-thecircle.com\/#organization","name":"THE CIRCLE CONCEPT HOTEL GMBH","url":"https:\/\/enter-thecircle.com\/","logo":{"@type":"ImageObject","inLanguage":"de","@id":"https:\/\/enter-thecircle.com\/#\/schema\/logo\/image\/","url":"https:\/\/enter-thecircle.com\/wp-content\/uploads\/2025\/01\/16-scaled.jpg","contentUrl":"https:\/\/enter-thecircle.com\/wp-content\/uploads\/2025\/01\/16-scaled.jpg","width":2560,"height":1706,"caption":"THE CIRCLE CONCEPT HOTEL GMBH"},"image":{"@id":"https:\/\/enter-thecircle.com\/#\/schema\/logo\/image\/"},"sameAs":["https:\/\/www.instagram.com\/enter_thecircle\/"]}]}},"blog_post_layout_featured_media_urls":{"thumbnail":"","full":""},"categories_names":null,"comments_number":"0","jetpack_sharing_enabled":true,"_links":{"self":[{"href":"https:\/\/enter-thecircle.com\/de\/wp-json\/wp\/v2\/pages\/3136","targetHints":{"allow":["GET"]}}],"collection":[{"href":"https:\/\/enter-thecircle.com\/de\/wp-json\/wp\/v2\/pages"}],"about":[{"href":"https:\/\/enter-thecircle.com\/de\/wp-json\/wp\/v2\/types\/page"}],"author":[{"embeddable":true,"href":"https:\/\/enter-thecircle.com\/de\/wp-json\/wp\/v2\/users\/1"}],"replies":[{"embeddable":true,"href":"https:\/\/enter-thecircle.com\/de\/wp-json\/wp\/v2\/comments?post=3136"}],"version-history":[{"count":4,"href":"https:\/\/enter-thecircle.com\/de\/wp-json\/wp\/v2\/pages\/3136\/revisions"}],"predecessor-version":[{"id":3397,"href":"https:\/\/enter-thecircle.com\/de\/wp-json\/wp\/v2\/pages\/3136\/revisions\/3397"}],"wp:attachment":[{"href":"https:\/\/enter-thecircle.com\/de\/wp-json\/wp\/v2\/media?parent=3136"}],"curies":[{"name":"wp","href":"https:\/\/api.w.org\/{rel}","templated":true}]}}