{"id":3079,"date":"2025-11-03T08:29:08","date_gmt":"2025-11-03T07:29:08","guid":{"rendered":"https:\/\/enter-thecircle.com\/cart\/"},"modified":"2025-11-28T15:20:37","modified_gmt":"2025-11-28T14:20:37","slug":"shopping-cart","status":"publish","type":"page","link":"https:\/\/enter-thecircle.com\/de\/shopping-cart\/","title":{"rendered":"SHOPPING CART"},"content":{"rendered":"<div data-block-name=\"woocommerce\/cart\" class=\"wp-block-woocommerce-cart alignwide is-loading\">\n<div data-block-name=\"woocommerce\/filled-cart-block\" class=\"wp-block-woocommerce-filled-cart-block\">\n<div data-block-name=\"woocommerce\/cart-items-block\" class=\"wp-block-woocommerce-cart-items-block\">\n<div data-block-name=\"woocommerce\/cart-line-items-block\" class=\"wp-block-woocommerce-cart-line-items-block\"><\/div>\n\n\n\n\nHier erf\u00e4hrst du mehr zu den <a data-block-name=\"german-market-blocks\/cartinfo\" href=\"https:\/\/enter-thecircle.com\/de\/shipping-delivery\/\" class=\"wgm-versandkosten\" target=\"_blank\">Versandkosten<\/a>, <a href=\"https:\/\/enter-thecircle.com\/de\/zahlungsmethoden\/\" class=\"wgm-zahlungsarten\" target=\"_blank\">Zahlungsweisen<\/a> und unserer <a href=\"https:\/\/enter-thecircle.com\/de\/stornierung-rueckerstattung\/\" class=\"wgm-widerruf\" target=\"_blank\">Widerrufsbelehrung<\/a>.\n\n\n<p style=\"font-size:16px\"><br>Beim Kauf eines Gutscheins, <a href=\"https:\/\/enter-thecircle.com\/de\/the-circle-voucher-terms\/\" target=\"_blank\" rel=\"noreferrer noopener\">stimmst du au\u00dferdem den Gutscheinbedingungen zu<\/a>. Dein Erlebnisgutschein umfasst eine \u00dcbernachtung f\u00fcr zwei Personen, inklusive Reinigungsgeb\u00fchr, Stadtsteuer und einer Flasche Wein. Eine Barauszahlung ist ausgeschlossen. Digitale Gutscheine erh\u00e4ltst du per E-Mail, gedruckte Gutscheine werden gegen Aufpreis per Post verschickt. Lieferzeiten k\u00f6nnen variieren, insbesondere vor Weihnachten.<\/p>\n<\/div>\n\n\n\n<div data-block-name=\"woocommerce\/cart-totals-block\" class=\"wp-block-woocommerce-cart-totals-block\">\n<div data-block-name=\"woocommerce\/cart-order-summary-block\" class=\"wp-block-woocommerce-cart-order-summary-block\">\n<div data-block-name=\"woocommerce\/cart-order-summary-heading-block\" data-content=\"Basket totals\" class=\"wp-block-woocommerce-cart-order-summary-heading-block\"><\/div>\n\n\n\n<div data-block-name=\"woocommerce\/cart-order-summary-coupon-form-block\" class=\"wp-block-woocommerce-cart-order-summary-coupon-form-block\"><\/div>\n\n\n\n<div data-block-name=\"woocommerce\/cart-order-summary-totals-block\" class=\"wp-block-woocommerce-cart-order-summary-totals-block\">\n<div data-block-name=\"woocommerce\/cart-order-summary-subtotal-block\" class=\"wp-block-woocommerce-cart-order-summary-subtotal-block\"><\/div>\n\n\n\n<div data-block-name=\"woocommerce\/cart-order-summary-fee-block\" class=\"wp-block-woocommerce-cart-order-summary-fee-block\"><\/div>\n\n\n\n<div data-block-name=\"woocommerce\/cart-order-summary-discount-block\" class=\"wp-block-woocommerce-cart-order-summary-discount-block\"><\/div>\n\n\n\n<div data-block-name=\"woocommerce\/cart-order-summary-shipping-block\" class=\"wp-block-woocommerce-cart-order-summary-shipping-block\"><\/div>\n\n\n\n<div data-block-name=\"woocommerce\/cart-order-summary-taxes-block\" class=\"wp-block-woocommerce-cart-order-summary-taxes-block\"><\/div>\n<\/div>\n<\/div>\n\n\n<div data-lock=\"{&quot;remove&quot;:true}\" data-ppcp-id=\"ppcp-3ca6867e-58d6-46ca-80dc-2e2cdb02d183\" data-block-name=\"woocommerce-paypal-payments\/cart-paylater-messages\" data-pp-placement=\"cart\" data-pp-style-layout=\"text\" data-pp-style-logo-position=\"left\" data-pp-style-logo-type=\"inline\" data-pp-style-text-color=\"black\" data-pp-style-text-size=\"12\" id=\"ppcp-3ca6867e-58d6-46ca-80dc-2e2cdb02d183\" class=\"ppcp-messages\" data-partner-attribution-id=\"Woo_PPCP\"><\/div>\n\n\n<div data-block-name=\"woocommerce\/cart-express-payment-block\" class=\"wp-block-woocommerce-cart-express-payment-block\"><\/div>\n\n\n\n<div data-block-name=\"woocommerce\/proceed-to-checkout-block\" class=\"wp-block-woocommerce-proceed-to-checkout-block\"><\/div>\n<div id=\"ppcp-recaptcha-v2-container\" style=\"margin:20px 0;\"><\/div>\n\n\n<div data-block-name=\"woocommerce\/cart-accepted-payment-methods-block\" class=\"wp-block-woocommerce-cart-accepted-payment-methods-block\"><\/div>\n<\/div>\n<\/div>\n\n\n\n<div data-block-name=\"woocommerce\/empty-cart-block\" class=\"wp-block-woocommerce-empty-cart-block\">\n<h2 class=\"wp-block-heading has-text-align-center with-empty-cart-icon wc-block-cart__empty-cart__title\">Your cart is currently empty!<\/h2>\n\n\n\n<hr class=\"wp-block-separator has-alpha-channel-opacity is-style-dots\"\/>\n\n\n\n<h2 class=\"wp-block-heading has-text-align-center\">New in store<\/h2>\n\n\n<div data-block-name=\"woocommerce\/product-new\" data-columns=\"4\" data-rows=\"1\" class=\"wc-block-grid wp-block-product-new wp-block-woocommerce-product-new wc-block-product-new has-4-columns\"><ul class=\"wc-block-grid__products\"><li class=\"wc-block-grid__product\">\n\t\t\t\t<a href=\"https:\/\/enter-thecircle.com\/de\/produkt\/the-circle-experience-gutschein\/\" class=\"wc-block-grid__product-link\">\n\t\t\t\t\t\n\t\t\t\t\t<div class=\"wc-block-grid__product-image\"><img loading=\"lazy\" decoding=\"async\" width=\"250\" height=\"250\" src=\"https:\/\/enter-thecircle.com\/wp-content\/uploads\/2025\/11\/Experience-Gutschein-250x250.jpg\" class=\"attachment-woocommerce_thumbnail size-woocommerce_thumbnail\" alt=\"An experience voucher for an overnight stay in the kinky hotel and private wellness suite, The Circle Berlin.\" srcset=\"https:\/\/enter-thecircle.com\/wp-content\/uploads\/2025\/11\/Experience-Gutschein-250x250.jpg 250w, https:\/\/enter-thecircle.com\/wp-content\/uploads\/2025\/11\/Experience-Gutschein-300x300.jpg 300w, https:\/\/enter-thecircle.com\/wp-content\/uploads\/2025\/11\/Experience-Gutschein-150x150.jpg 150w, https:\/\/enter-thecircle.com\/wp-content\/uploads\/2025\/11\/Experience-Gutschein-768x768.jpg 768w, https:\/\/enter-thecircle.com\/wp-content\/uploads\/2025\/11\/Experience-Gutschein-12x12.jpg 12w, https:\/\/enter-thecircle.com\/wp-content\/uploads\/2025\/11\/Experience-Gutschein-100x100.jpg 100w, https:\/\/enter-thecircle.com\/wp-content\/uploads\/2025\/11\/Experience-Gutschein-350x350.jpg 350w, https:\/\/enter-thecircle.com\/wp-content\/uploads\/2025\/11\/Experience-Gutschein.jpg 800w\" sizes=\"auto, 100vw\" \/><\/div>\n\t\t\t\t\t<div class=\"wc-block-grid__product-title\">THE CIRCLE EXPERIENCE GUTSCHEIN<\/div>\n\t\t\t\t<\/a>\n\t\t\t\t<div class=\"wc-block-grid__product-price price\"><span class=\"woocommerce-Price-amount amount\" aria-hidden=\"true\">399,00&nbsp;<span class=\"woocommerce-Price-currencySymbol\">&euro;<\/span><\/span> <span aria-hidden=\"true\"> \u2013 <\/span> <span class=\"woocommerce-Price-amount amount\" aria-hidden=\"true\">449,00&nbsp;<span class=\"woocommerce-Price-currencySymbol\">&euro;<\/span><\/span><span class=\"screen-reader-text\" data-no-translation=\"\" data-trp-gettext=\"\">Preisspanne: 399,00&nbsp;&euro; bis 449,00&nbsp;&euro;<\/span><\/div>\n\t\t<div class=\"wgm-info woocommerce-de_price_taxrate\"><\/div>\n\t\t<div class=\"wgm-info woocommerce_de_versandkosten\">zzgl. <a class=\"versandkosten\" href=\"https:\/\/enter-thecircle.com\/de\/shipping-delivery\/\" target=\"_blank\">Versand<\/a><\/div>\n\t\t\t\t\n\t\t\t\t<div class=\"wp-block-button wc-block-grid__product-add-to-cart\"><a href=\"https:\/\/enter-thecircle.com\/de\/produkt\/the-circle-experience-gutschein\/\" aria-label=\"W\u00e4hle Optionen f\u00fcr \u201eTHE CIRCLE EXPERIENCE VOUCHER\u201c\" data-quantity=\"1\" data-product_id=\"3292\" data-product_sku=\"\" data-price=\"399\" rel=\"nofollow\" class=\"wp-block-button__link  add_to_cart_button\" data-no-translation=\"\" data-trp-gettext=\"\" data-no-translation-aria-label=\"\">Ausf\u00fchrung w\u00e4hlen<\/a><\/div>\n\t\t\t<\/li><li class=\"wc-block-grid__product\">\n\t\t\t\t<a href=\"https:\/\/enter-thecircle.com\/de\/produkt\/200-gutschein\/\" class=\"wc-block-grid__product-link\">\n\t\t\t\t\t\n\t\t\t\t\t<div class=\"wc-block-grid__product-image\"><img loading=\"lazy\" decoding=\"async\" width=\"250\" height=\"250\" src=\"https:\/\/enter-thecircle.com\/wp-content\/uploads\/2025\/11\/200E-in-flyerdesign-250x250.jpg\" class=\"attachment-woocommerce_thumbnail size-woocommerce_thumbnail\" alt=\"A 200 euro voucher towards an overnight stay in the kinky hotel and private wellness suite, The Circle Berlin.\" srcset=\"https:\/\/enter-thecircle.com\/wp-content\/uploads\/2025\/11\/200E-in-flyerdesign-250x250.jpg 250w, https:\/\/enter-thecircle.com\/wp-content\/uploads\/2025\/11\/200E-in-flyerdesign-300x300.jpg 300w, https:\/\/enter-thecircle.com\/wp-content\/uploads\/2025\/11\/200E-in-flyerdesign-150x150.jpg 150w, https:\/\/enter-thecircle.com\/wp-content\/uploads\/2025\/11\/200E-in-flyerdesign-768x768.jpg 768w, https:\/\/enter-thecircle.com\/wp-content\/uploads\/2025\/11\/200E-in-flyerdesign-12x12.jpg 12w, https:\/\/enter-thecircle.com\/wp-content\/uploads\/2025\/11\/200E-in-flyerdesign-100x100.jpg 100w, https:\/\/enter-thecircle.com\/wp-content\/uploads\/2025\/11\/200E-in-flyerdesign-350x350.jpg 350w, https:\/\/enter-thecircle.com\/wp-content\/uploads\/2025\/11\/200E-in-flyerdesign.jpg 800w\" sizes=\"auto, 100vw\" \/><\/div>\n\t\t\t\t\t<div class=\"wc-block-grid__product-title\">\u20ac200 GUTSCHEIN<\/div>\n\t\t\t\t<\/a>\n\t\t\t\t<div class=\"wc-block-grid__product-price price\"><span class=\"woocommerce-Price-amount amount\">200,00&nbsp;<span class=\"woocommerce-Price-currencySymbol\">&euro;<\/span><\/span><\/div>\n\t\t<div class=\"wgm-info woocommerce-de_price_taxrate\"><\/div>\n\t\t<div class=\"wgm-info woocommerce_de_versandkosten\">zzgl. <a class=\"versandkosten\" href=\"https:\/\/enter-thecircle.com\/de\/shipping-delivery\/\" target=\"_blank\">Versand<\/a><\/div>\n\t\t\t\t\n\t\t\t\t<div class=\"wp-block-button wc-block-grid__product-add-to-cart\"><a href=\"\/de\/wp-json\/wp\/v2\/pages\/3079?add-to-cart=3151\" aria-label=\"In den Warenkorb legen: \u201e\u20ac200 GIFT VOUCHER\u201c\" data-quantity=\"1\" data-product_id=\"3151\" data-product_sku=\"\" data-price=\"200\" rel=\"nofollow\" class=\"wp-block-button__link  add_to_cart_button ajax_add_to_cart\" data-no-translation=\"\" data-trp-gettext=\"\" data-no-translation-aria-label=\"\">In den Warenkorb<\/a><\/div>\n\t\t\t<\/li><li class=\"wc-block-grid__product\">\n\t\t\t\t<a href=\"https:\/\/enter-thecircle.com\/de\/produkt\/100-gutschein\/\" class=\"wc-block-grid__product-link\">\n\t\t\t\t\t\n\t\t\t\t\t<div class=\"wc-block-grid__product-image\"><img loading=\"lazy\" decoding=\"async\" width=\"250\" height=\"250\" src=\"https:\/\/enter-thecircle.com\/wp-content\/uploads\/2025\/11\/100E-in-flyerdesign-250x250.jpg\" class=\"attachment-woocommerce_thumbnail size-woocommerce_thumbnail\" alt=\"A 100 euro voucher for an overnight stay in the kinky hotel and private wellness suite, The Circle Berlin.\" srcset=\"https:\/\/enter-thecircle.com\/wp-content\/uploads\/2025\/11\/100E-in-flyerdesign-250x250.jpg 250w, https:\/\/enter-thecircle.com\/wp-content\/uploads\/2025\/11\/100E-in-flyerdesign-300x300.jpg 300w, https:\/\/enter-thecircle.com\/wp-content\/uploads\/2025\/11\/100E-in-flyerdesign-150x150.jpg 150w, https:\/\/enter-thecircle.com\/wp-content\/uploads\/2025\/11\/100E-in-flyerdesign-768x768.jpg 768w, https:\/\/enter-thecircle.com\/wp-content\/uploads\/2025\/11\/100E-in-flyerdesign-12x12.jpg 12w, https:\/\/enter-thecircle.com\/wp-content\/uploads\/2025\/11\/100E-in-flyerdesign-100x100.jpg 100w, https:\/\/enter-thecircle.com\/wp-content\/uploads\/2025\/11\/100E-in-flyerdesign-350x350.jpg 350w, https:\/\/enter-thecircle.com\/wp-content\/uploads\/2025\/11\/100E-in-flyerdesign.jpg 800w\" sizes=\"auto, 100vw\" \/><\/div>\n\t\t\t\t\t<div class=\"wc-block-grid__product-title\">\u20ac100 GUTSCHEIN<\/div>\n\t\t\t\t<\/a>\n\t\t\t\t<div class=\"wc-block-grid__product-price price\"><span class=\"woocommerce-Price-amount amount\">100,00&nbsp;<span class=\"woocommerce-Price-currencySymbol\">&euro;<\/span><\/span><\/div>\n\t\t<div class=\"wgm-info woocommerce-de_price_taxrate\"><\/div>\n\t\t<div class=\"wgm-info woocommerce_de_versandkosten\">zzgl. <a class=\"versandkosten\" href=\"https:\/\/enter-thecircle.com\/de\/shipping-delivery\/\" target=\"_blank\">Versand<\/a><\/div>\n\t\t\t\t\n\t\t\t\t<div class=\"wp-block-button wc-block-grid__product-add-to-cart\"><a href=\"\/de\/wp-json\/wp\/v2\/pages\/3079?add-to-cart=3148\" aria-label=\"In den Warenkorb legen: \u201e\u20ac100 GIFT VOUCHER\u201c\" data-quantity=\"1\" data-product_id=\"3148\" data-product_sku=\"\" data-price=\"100\" rel=\"nofollow\" class=\"wp-block-button__link  add_to_cart_button ajax_add_to_cart\" data-no-translation=\"\" data-trp-gettext=\"\" data-no-translation-aria-label=\"\">In den Warenkorb<\/a><\/div>\n\t\t\t<\/li><li class=\"wc-block-grid__product\">\n\t\t\t\t<a href=\"https:\/\/enter-thecircle.com\/de\/produkt\/50-gutschein\/\" class=\"wc-block-grid__product-link\">\n\t\t\t\t\t\n\t\t\t\t\t<div class=\"wc-block-grid__product-image\"><img loading=\"lazy\" decoding=\"async\" width=\"250\" height=\"250\" src=\"https:\/\/enter-thecircle.com\/wp-content\/uploads\/2025\/11\/50E-in-flyerdesign-250x250.jpg\" class=\"attachment-woocommerce_thumbnail size-woocommerce_thumbnail\" alt=\"A 50 euro voucher towards an overnight stay in the kinky hotel and private wellness suite, The Circle Berlin.\" srcset=\"https:\/\/enter-thecircle.com\/wp-content\/uploads\/2025\/11\/50E-in-flyerdesign-250x250.jpg 250w, https:\/\/enter-thecircle.com\/wp-content\/uploads\/2025\/11\/50E-in-flyerdesign-300x300.jpg 300w, https:\/\/enter-thecircle.com\/wp-content\/uploads\/2025\/11\/50E-in-flyerdesign-150x150.jpg 150w, https:\/\/enter-thecircle.com\/wp-content\/uploads\/2025\/11\/50E-in-flyerdesign-768x768.jpg 768w, https:\/\/enter-thecircle.com\/wp-content\/uploads\/2025\/11\/50E-in-flyerdesign-12x12.jpg 12w, https:\/\/enter-thecircle.com\/wp-content\/uploads\/2025\/11\/50E-in-flyerdesign-100x100.jpg 100w, https:\/\/enter-thecircle.com\/wp-content\/uploads\/2025\/11\/50E-in-flyerdesign-350x350.jpg 350w, https:\/\/enter-thecircle.com\/wp-content\/uploads\/2025\/11\/50E-in-flyerdesign.jpg 800w\" sizes=\"auto, 100vw\" \/><\/div>\n\t\t\t\t\t<div class=\"wc-block-grid__product-title\">\u20ac50 GUTSCHEIN<\/div>\n\t\t\t\t<\/a>\n\t\t\t\t<div class=\"wc-block-grid__product-price price\"><span class=\"woocommerce-Price-amount amount\">50,00&nbsp;<span class=\"woocommerce-Price-currencySymbol\">&euro;<\/span><\/span><\/div>\n\t\t<div class=\"wgm-info woocommerce-de_price_taxrate\"><\/div>\n\t\t<div class=\"wgm-info woocommerce_de_versandkosten\">zzgl. <a class=\"versandkosten\" href=\"https:\/\/enter-thecircle.com\/de\/shipping-delivery\/\" target=\"_blank\">Versand<\/a><\/div>\n\t\t\t\t\n\t\t\t\t<div class=\"wp-block-button wc-block-grid__product-add-to-cart\"><a href=\"\/de\/wp-json\/wp\/v2\/pages\/3079?add-to-cart=3141\" aria-label=\"In den Warenkorb legen: \u201e\u20ac50 GIFT VOUCHER\u201c\" data-quantity=\"1\" data-product_id=\"3141\" data-product_sku=\"\" data-price=\"50\" rel=\"nofollow\" class=\"wp-block-button__link  add_to_cart_button ajax_add_to_cart\" data-no-translation=\"\" data-trp-gettext=\"\" data-no-translation-aria-label=\"\">In den Warenkorb<\/a><\/div>\n\t\t\t<\/li><\/ul><\/div><\/div>\n<\/div>","protected":false},"excerpt":{"rendered":"","protected":false},"author":1,"featured_media":0,"parent":0,"menu_order":0,"comment_status":"closed","ping_status":"closed","template":"","meta":{"footnotes":""},"class_list":["post-3079","page","type-page","status-publish","hentry"],"yoast_head":"<!-- This site is optimized with the Yoast SEO plugin v27.3 - https:\/\/yoast.com\/product\/yoast-seo-wordpress\/ -->\n<title>SHOPPING CART - THE CIRCLE<\/title>\n<meta name=\"description\" content=\"Here&#039;s your shopping cart for The Circle Berlin, a hidden overnight cocoon and private spa for lovers. All of our products and services have been carefully curated and are designed to awaken your senses.\" \/>\n<meta name=\"robots\" content=\"index, follow, max-snippet:-1, max-image-preview:large, max-video-preview:-1\" \/>\n<link rel=\"canonical\" href=\"https:\/\/enter-thecircle.com\/de\/shopping-cart\/\" \/>\n<meta property=\"og:locale\" content=\"de_DE\" \/>\n<meta property=\"og:type\" content=\"article\" \/>\n<meta property=\"og:title\" content=\"SHOPPING CART - THE CIRCLE\" \/>\n<meta property=\"og:description\" content=\"Here&#039;s your shopping cart for The Circle Berlin, a hidden overnight cocoon and private spa for lovers. All of our products and services have been carefully curated and are designed to awaken your senses.\" \/>\n<meta property=\"og:url\" content=\"https:\/\/enter-thecircle.com\/de\/shopping-cart\/\" \/>\n<meta property=\"og:site_name\" content=\"THE CIRCLE\" \/>\n<meta property=\"article:publisher\" content=\"https:\/\/www.instagram.com\/enter_thecircle\/\" \/>\n<meta property=\"article:modified_time\" content=\"2025-11-28T14:20:37+00:00\" \/>\n<meta name=\"twitter:card\" content=\"summary_large_image\" \/>\n<meta name=\"twitter:label1\" content=\"Gesch\u00e4tzte Lesezeit\" \/>\n\t<meta name=\"twitter:data1\" content=\"1\u00a0Minute\" \/>\n<script type=\"application\/ld+json\" class=\"yoast-schema-graph\">{\"@context\":\"https:\\\/\\\/schema.org\",\"@graph\":[{\"@type\":\"WebPage\",\"@id\":\"https:\\\/\\\/enter-thecircle.com\\\/shopping-cart\\\/\",\"url\":\"https:\\\/\\\/enter-thecircle.com\\\/shopping-cart\\\/\",\"name\":\"SHOPPING CART - THE CIRCLE\",\"isPartOf\":{\"@id\":\"https:\\\/\\\/enter-thecircle.com\\\/#website\"},\"datePublished\":\"2025-11-03T07:29:08+00:00\",\"dateModified\":\"2025-11-28T14:20:37+00:00\",\"description\":\"Here's your shopping cart for The Circle Berlin, a hidden overnight cocoon and private spa for lovers. All of our products and services have been carefully curated and are designed to awaken your senses.\",\"breadcrumb\":{\"@id\":\"https:\\\/\\\/enter-thecircle.com\\\/shopping-cart\\\/#breadcrumb\"},\"inLanguage\":\"de\",\"potentialAction\":[{\"@type\":\"ReadAction\",\"target\":[\"https:\\\/\\\/enter-thecircle.com\\\/shopping-cart\\\/\"]}]},{\"@type\":\"BreadcrumbList\",\"@id\":\"https:\\\/\\\/enter-thecircle.com\\\/shopping-cart\\\/#breadcrumb\",\"itemListElement\":[{\"@type\":\"ListItem\",\"position\":1,\"name\":\"Home\",\"item\":\"https:\\\/\\\/enter-thecircle.com\\\/\"},{\"@type\":\"ListItem\",\"position\":2,\"name\":\"SHOPPING CART\"}]},{\"@type\":\"WebSite\",\"@id\":\"https:\\\/\\\/enter-thecircle.com\\\/#website\",\"url\":\"https:\\\/\\\/enter-thecircle.com\\\/\",\"name\":\"THE CIRCLE\",\"description\":\"A sensual overnight cocoon &amp; private spa\",\"publisher\":{\"@id\":\"https:\\\/\\\/enter-thecircle.com\\\/#organization\"},\"potentialAction\":[{\"@type\":\"SearchAction\",\"target\":{\"@type\":\"EntryPoint\",\"urlTemplate\":\"https:\\\/\\\/enter-thecircle.com\\\/?s={search_term_string}\"},\"query-input\":{\"@type\":\"PropertyValueSpecification\",\"valueRequired\":true,\"valueName\":\"search_term_string\"}}],\"inLanguage\":\"de\"},{\"@type\":\"Organization\",\"@id\":\"https:\\\/\\\/enter-thecircle.com\\\/#organization\",\"name\":\"THE CIRCLE CONCEPT HOTEL GMBH\",\"url\":\"https:\\\/\\\/enter-thecircle.com\\\/\",\"logo\":{\"@type\":\"ImageObject\",\"inLanguage\":\"de\",\"@id\":\"https:\\\/\\\/enter-thecircle.com\\\/#\\\/schema\\\/logo\\\/image\\\/\",\"url\":\"https:\\\/\\\/enter-thecircle.com\\\/wp-content\\\/uploads\\\/2025\\\/01\\\/16-scaled.jpg\",\"contentUrl\":\"https:\\\/\\\/enter-thecircle.com\\\/wp-content\\\/uploads\\\/2025\\\/01\\\/16-scaled.jpg\",\"width\":2560,\"height\":1706,\"caption\":\"THE CIRCLE CONCEPT HOTEL GMBH\"},\"image\":{\"@id\":\"https:\\\/\\\/enter-thecircle.com\\\/#\\\/schema\\\/logo\\\/image\\\/\"},\"sameAs\":[\"https:\\\/\\\/www.instagram.com\\\/enter_thecircle\\\/\"]}]}<\/script>\n<!-- \/ Yoast SEO plugin. -->","yoast_head_json":{"title":"SHOPPING CART - THE CIRCLE","description":"Here's your shopping cart for The Circle Berlin, a hidden overnight cocoon and private spa for lovers. All of our products and services have been carefully curated and are designed to awaken your senses.","robots":{"index":"index","follow":"follow","max-snippet":"max-snippet:-1","max-image-preview":"max-image-preview:large","max-video-preview":"max-video-preview:-1"},"canonical":"https:\/\/enter-thecircle.com\/de\/shopping-cart\/","og_locale":"de_DE","og_type":"article","og_title":"SHOPPING CART - THE CIRCLE","og_description":"Here's your shopping cart for The Circle Berlin, a hidden overnight cocoon and private spa for lovers. All of our products and services have been carefully curated and are designed to awaken your senses.","og_url":"https:\/\/enter-thecircle.com\/de\/shopping-cart\/","og_site_name":"THE CIRCLE","article_publisher":"https:\/\/www.instagram.com\/enter_thecircle\/","article_modified_time":"2025-11-28T14:20:37+00:00","twitter_card":"summary_large_image","twitter_misc":{"Gesch\u00e4tzte Lesezeit":"1\u00a0Minute"},"schema":{"@context":"https:\/\/schema.org","@graph":[{"@type":"WebPage","@id":"https:\/\/enter-thecircle.com\/shopping-cart\/","url":"https:\/\/enter-thecircle.com\/shopping-cart\/","name":"SHOPPING CART - THE CIRCLE","isPartOf":{"@id":"https:\/\/enter-thecircle.com\/#website"},"datePublished":"2025-11-03T07:29:08+00:00","dateModified":"2025-11-28T14:20:37+00:00","description":"Here's your shopping cart for The Circle Berlin, a hidden overnight cocoon and private spa for lovers. All of our products and services have been carefully curated and are designed to awaken your senses.","breadcrumb":{"@id":"https:\/\/enter-thecircle.com\/shopping-cart\/#breadcrumb"},"inLanguage":"de","potentialAction":[{"@type":"ReadAction","target":["https:\/\/enter-thecircle.com\/shopping-cart\/"]}]},{"@type":"BreadcrumbList","@id":"https:\/\/enter-thecircle.com\/shopping-cart\/#breadcrumb","itemListElement":[{"@type":"ListItem","position":1,"name":"Home","item":"https:\/\/enter-thecircle.com\/"},{"@type":"ListItem","position":2,"name":"SHOPPING CART"}]},{"@type":"WebSite","@id":"https:\/\/enter-thecircle.com\/#website","url":"https:\/\/enter-thecircle.com\/","name":"THE CIRCLE","description":"Ein sinnlicher \u00dcbernachtungs-Kokon &amp; Private Spa","publisher":{"@id":"https:\/\/enter-thecircle.com\/#organization"},"potentialAction":[{"@type":"SearchAction","target":{"@type":"EntryPoint","urlTemplate":"https:\/\/enter-thecircle.com\/?s={search_term_string}"},"query-input":{"@type":"PropertyValueSpecification","valueRequired":true,"valueName":"search_term_string"}}],"inLanguage":"de"},{"@type":"Organization","@id":"https:\/\/enter-thecircle.com\/#organization","name":"THE CIRCLE CONCEPT HOTEL GMBH","url":"https:\/\/enter-thecircle.com\/","logo":{"@type":"ImageObject","inLanguage":"de","@id":"https:\/\/enter-thecircle.com\/#\/schema\/logo\/image\/","url":"https:\/\/enter-thecircle.com\/wp-content\/uploads\/2025\/01\/16-scaled.jpg","contentUrl":"https:\/\/enter-thecircle.com\/wp-content\/uploads\/2025\/01\/16-scaled.jpg","width":2560,"height":1706,"caption":"THE CIRCLE CONCEPT HOTEL GMBH"},"image":{"@id":"https:\/\/enter-thecircle.com\/#\/schema\/logo\/image\/"},"sameAs":["https:\/\/www.instagram.com\/enter_thecircle\/"]}]}},"blog_post_layout_featured_media_urls":{"thumbnail":"","full":""},"categories_names":null,"comments_number":"0","jetpack_sharing_enabled":true,"_links":{"self":[{"href":"https:\/\/enter-thecircle.com\/de\/wp-json\/wp\/v2\/pages\/3079","targetHints":{"allow":["GET"]}}],"collection":[{"href":"https:\/\/enter-thecircle.com\/de\/wp-json\/wp\/v2\/pages"}],"about":[{"href":"https:\/\/enter-thecircle.com\/de\/wp-json\/wp\/v2\/types\/page"}],"author":[{"embeddable":true,"href":"https:\/\/enter-thecircle.com\/de\/wp-json\/wp\/v2\/users\/1"}],"replies":[{"embeddable":true,"href":"https:\/\/enter-thecircle.com\/de\/wp-json\/wp\/v2\/comments?post=3079"}],"version-history":[{"count":6,"href":"https:\/\/enter-thecircle.com\/de\/wp-json\/wp\/v2\/pages\/3079\/revisions"}],"predecessor-version":[{"id":3415,"href":"https:\/\/enter-thecircle.com\/de\/wp-json\/wp\/v2\/pages\/3079\/revisions\/3415"}],"wp:attachment":[{"href":"https:\/\/enter-thecircle.com\/de\/wp-json\/wp\/v2\/media?parent=3079"}],"curies":[{"name":"wp","href":"https:\/\/api.w.org\/{rel}","templated":true}]}}