{"id":2979,"date":"2025-07-03T12:06:40","date_gmt":"2025-07-03T10:06:40","guid":{"rendered":"https:\/\/enter-thecircle.com\/?page_id=2979"},"modified":"2026-04-02T16:02:53","modified_gmt":"2026-04-02T14:02:53","slug":"about-us","status":"publish","type":"page","link":"https:\/\/enter-thecircle.com\/de\/about-us\/","title":{"rendered":"HINTER THE CIRCLE"},"content":{"rendered":"<p class=\"animated fadeIn delay-100ms slow\" style=\"font-size:14px\">The Circle Berlin is an immersive overnight stay and private spa hidden in the heart of Kreuzberg. Thoughtfully designed into three distinct areas, it is a space where architecture, texture, light, and sound combine to create an extraordinary design experience. It is a retreat from a world full of noise and distraction; a space for intimacy, play, and connection.<\/p>\n\n\n\n<p class=\"animated fadeIn delay-100ms slow\" style=\"font-size:14px\">Behind the scenes, we, Becky and Anthony, were inspired by a single night spent in an unexpected place that left us wanting more. We imagined a place where design, atmosphere, and thoughtful curation could spark curiosity, delight the senses, and offer a true escape.&nbsp;<\/p>\n\n\n\n<p class=\"animated fadeIn delay-100ms slow\" style=\"font-size:14px\">With the artistry of interior architect Felix Pahnke, The Circle blends immersive design, whimsical details, and subtle emotional storytelling into a space that feels like nowhere else.&nbsp;<\/p>\n\n\n\n<h2 class=\"wp-block-heading\"><strong>THE SPACE<\/strong><\/h2>\n\n\n\n<p style=\"font-size:14px\">Every booking includes exclusive access to our 75 sqm landscape, divided into three distinct areas designed to flow into one another:<\/p>\n\n\n\n<p style=\"font-size:14px\">1. Das Schlafzimmer, prunkvoll mit einem Himmelbett und einem Spiegel-Paravent;<br>2. Die K\u00fcche, der Essbereich und die Chill-out-Zone mit Blick auf einen gro\u00dfen Fernseher und eine modulare Sitzecke;<br>3. The private wellness suite, featuring an 180\u00d7180 cm whirlpool with massage jets, heated lounge steps installed with 2 womanizer shower heads, and a rainfall shower with additional, optimally placed water jets.<\/p>\n\n\n\n<p style=\"font-size:14px\">Before you book, you\u2019re welcome to explore The Circle further through our Experiences and FAQs, and get a feel for how the space can be used:<\/p>\n\n\n\n<div class=\"wp-block-buttons btn-outline-white is-content-justification-center is-layout-flex wp-container-core-buttons-is-layout-16018d1d wp-block-buttons-is-layout-flex\" style=\"font-style:normal;font-weight:100;line-height:1;text-decoration:none\">\n<div class=\"wp-block-button\"><a class=\"wp-block-button__link wp-element-button\" href=\"https:\/\/enter-thecircle.com\/de\/buchen\/\" target=\"_blank\" rel=\"noreferrer noopener\">Book Your Stay<\/a><\/div>\n\n\n\n<div class=\"wp-block-button\"><a class=\"wp-block-button__link wp-element-button\" href=\"https:\/\/enter-thecircle.com\/de\/experiences\/\" target=\"_blank\" rel=\"noreferrer noopener\">Explore Experiences<\/a><\/div>\n\n\n\n<div class=\"wp-block-button\"><a class=\"wp-block-button__link wp-element-button\" href=\"https:\/\/enter-thecircle.com\/de\/faqs\/\" target=\"_blank\" rel=\"noreferrer noopener\">Read Our FAQs<\/a><\/div>\n<\/div>\n\n\n\n<p class=\"animated fadeIn delay-100ms slow\" style=\"font-size:14px\"><\/p>\n\n\n\n<p><\/p>","protected":false},"excerpt":{"rendered":"<p>The Circle Berlin is an immersive overnight stay and private spa hidden in the heart of Kreuzberg. Thoughtfully designed into three distinct areas, it is a space where architecture, texture, light, and sound combine to create an extraordinary design experience. It is a retreat from a world full of noise and distraction; a space for &hellip; <\/p>\n<p class=\"link-more\"><a href=\"https:\/\/enter-thecircle.com\/de\/about-us\/\" class=\"more-link\"><span class=\"screen-reader-text\">\u201eBEHIND THE CIRCLE\u201c<\/span> weiterlesen<\/a><\/p>","protected":false},"author":1,"featured_media":2984,"parent":0,"menu_order":0,"comment_status":"closed","ping_status":"closed","template":"","meta":{"footnotes":""},"class_list":["post-2979","page","type-page","status-publish","has-post-thumbnail","hentry"],"yoast_head":"<!-- This site is optimized with the Yoast SEO plugin v27.3 - https:\/\/yoast.com\/product\/yoast-seo-wordpress\/ -->\n<title>Behind The Circle Berlin<\/title>\n<meta name=\"description\" content=\"The story behind The Circle: A playful overnight Berlin escape, created by two curious minds to celebrate intimacy, laughter, and connection.\" \/>\n<meta name=\"robots\" content=\"index, follow, max-snippet:-1, max-image-preview:large, max-video-preview:-1\" \/>\n<link rel=\"canonical\" href=\"https:\/\/enter-thecircle.com\/de\/about-us\/\" \/>\n<meta property=\"og:locale\" content=\"de_DE\" \/>\n<meta property=\"og:type\" content=\"article\" \/>\n<meta property=\"og:title\" content=\"Behind The Circle Berlin\" \/>\n<meta property=\"og:description\" content=\"The story behind The Circle: A playful overnight Berlin escape, created by two curious minds to celebrate intimacy, laughter, and connection.\" \/>\n<meta property=\"og:url\" content=\"https:\/\/enter-thecircle.com\/de\/about-us\/\" \/>\n<meta property=\"og:site_name\" content=\"THE CIRCLE\" \/>\n<meta property=\"article:publisher\" content=\"https:\/\/www.instagram.com\/enter_thecircle\/\" \/>\n<meta property=\"article:modified_time\" content=\"2026-04-02T14:02:53+00:00\" \/>\n<meta property=\"og:image\" content=\"https:\/\/enter-thecircle.com\/wp-content\/uploads\/2025\/07\/us-close-up-black-BG_LS.jpg\" \/>\n\t<meta property=\"og:image:width\" content=\"2552\" \/>\n\t<meta property=\"og:image:height\" content=\"1707\" \/>\n\t<meta property=\"og:image:type\" content=\"image\/jpeg\" \/>\n<meta name=\"twitter:card\" content=\"summary_large_image\" \/>\n<meta name=\"twitter:label1\" content=\"Gesch\u00e4tzte Lesezeit\" \/>\n\t<meta name=\"twitter:data1\" content=\"2\u00a0Minuten\" \/>\n<script type=\"application\/ld+json\" class=\"yoast-schema-graph\">{\"@context\":\"https:\\\/\\\/schema.org\",\"@graph\":[{\"@type\":\"WebPage\",\"@id\":\"https:\\\/\\\/enter-thecircle.com\\\/about-us\\\/\",\"url\":\"https:\\\/\\\/enter-thecircle.com\\\/about-us\\\/\",\"name\":\"Behind The Circle Berlin\",\"isPartOf\":{\"@id\":\"https:\\\/\\\/enter-thecircle.com\\\/#website\"},\"primaryImageOfPage\":{\"@id\":\"https:\\\/\\\/enter-thecircle.com\\\/about-us\\\/#primaryimage\"},\"image\":{\"@id\":\"https:\\\/\\\/enter-thecircle.com\\\/about-us\\\/#primaryimage\"},\"thumbnailUrl\":\"https:\\\/\\\/enter-thecircle.com\\\/wp-content\\\/uploads\\\/2025\\\/07\\\/us-close-up-black-BG_LS.jpg\",\"datePublished\":\"2025-07-03T10:06:40+00:00\",\"dateModified\":\"2026-04-02T14:02:53+00:00\",\"description\":\"The story behind The Circle: A playful overnight Berlin escape, created by two curious minds to celebrate intimacy, laughter, and connection.\",\"breadcrumb\":{\"@id\":\"https:\\\/\\\/enter-thecircle.com\\\/about-us\\\/#breadcrumb\"},\"inLanguage\":\"de\",\"potentialAction\":[{\"@type\":\"ReadAction\",\"target\":[\"https:\\\/\\\/enter-thecircle.com\\\/about-us\\\/\"]}]},{\"@type\":\"ImageObject\",\"inLanguage\":\"de\",\"@id\":\"https:\\\/\\\/enter-thecircle.com\\\/about-us\\\/#primaryimage\",\"url\":\"https:\\\/\\\/enter-thecircle.com\\\/wp-content\\\/uploads\\\/2025\\\/07\\\/us-close-up-black-BG_LS.jpg\",\"contentUrl\":\"https:\\\/\\\/enter-thecircle.com\\\/wp-content\\\/uploads\\\/2025\\\/07\\\/us-close-up-black-BG_LS.jpg\",\"width\":2552,\"height\":1707,\"caption\":\"Becky and Anthony, co-founders of the kinky hotel and private wellness suite, The Circle Berlin.\"},{\"@type\":\"BreadcrumbList\",\"@id\":\"https:\\\/\\\/enter-thecircle.com\\\/about-us\\\/#breadcrumb\",\"itemListElement\":[{\"@type\":\"ListItem\",\"position\":1,\"name\":\"Home\",\"item\":\"https:\\\/\\\/enter-thecircle.com\\\/\"},{\"@type\":\"ListItem\",\"position\":2,\"name\":\"BEHIND THE CIRCLE\"}]},{\"@type\":\"WebSite\",\"@id\":\"https:\\\/\\\/enter-thecircle.com\\\/#website\",\"url\":\"https:\\\/\\\/enter-thecircle.com\\\/\",\"name\":\"THE CIRCLE\",\"description\":\"A sensual overnight cocoon &amp; private spa\",\"publisher\":{\"@id\":\"https:\\\/\\\/enter-thecircle.com\\\/#organization\"},\"potentialAction\":[{\"@type\":\"SearchAction\",\"target\":{\"@type\":\"EntryPoint\",\"urlTemplate\":\"https:\\\/\\\/enter-thecircle.com\\\/?s={search_term_string}\"},\"query-input\":{\"@type\":\"PropertyValueSpecification\",\"valueRequired\":true,\"valueName\":\"search_term_string\"}}],\"inLanguage\":\"de\"},{\"@type\":\"Organization\",\"@id\":\"https:\\\/\\\/enter-thecircle.com\\\/#organization\",\"name\":\"THE CIRCLE CONCEPT HOTEL GMBH\",\"url\":\"https:\\\/\\\/enter-thecircle.com\\\/\",\"logo\":{\"@type\":\"ImageObject\",\"inLanguage\":\"de\",\"@id\":\"https:\\\/\\\/enter-thecircle.com\\\/#\\\/schema\\\/logo\\\/image\\\/\",\"url\":\"https:\\\/\\\/enter-thecircle.com\\\/wp-content\\\/uploads\\\/2025\\\/01\\\/16-scaled.jpg\",\"contentUrl\":\"https:\\\/\\\/enter-thecircle.com\\\/wp-content\\\/uploads\\\/2025\\\/01\\\/16-scaled.jpg\",\"width\":2560,\"height\":1706,\"caption\":\"THE CIRCLE CONCEPT HOTEL GMBH\"},\"image\":{\"@id\":\"https:\\\/\\\/enter-thecircle.com\\\/#\\\/schema\\\/logo\\\/image\\\/\"},\"sameAs\":[\"https:\\\/\\\/www.instagram.com\\\/enter_thecircle\\\/\"]}]}<\/script>\n<!-- \/ Yoast SEO plugin. -->","yoast_head_json":{"title":"Behind The Circle Berlin","description":"The story behind The Circle: A playful overnight Berlin escape, created by two curious minds to celebrate intimacy, laughter, and connection.","robots":{"index":"index","follow":"follow","max-snippet":"max-snippet:-1","max-image-preview":"max-image-preview:large","max-video-preview":"max-video-preview:-1"},"canonical":"https:\/\/enter-thecircle.com\/de\/about-us\/","og_locale":"de_DE","og_type":"article","og_title":"Behind The Circle Berlin","og_description":"The story behind The Circle: A playful overnight Berlin escape, created by two curious minds to celebrate intimacy, laughter, and connection.","og_url":"https:\/\/enter-thecircle.com\/de\/about-us\/","og_site_name":"THE CIRCLE","article_publisher":"https:\/\/www.instagram.com\/enter_thecircle\/","article_modified_time":"2026-04-02T14:02:53+00:00","og_image":[{"width":2552,"height":1707,"url":"https:\/\/enter-thecircle.com\/wp-content\/uploads\/2025\/07\/us-close-up-black-BG_LS.jpg","type":"image\/jpeg"}],"twitter_card":"summary_large_image","twitter_misc":{"Gesch\u00e4tzte Lesezeit":"2\u00a0Minuten"},"schema":{"@context":"https:\/\/schema.org","@graph":[{"@type":"WebPage","@id":"https:\/\/enter-thecircle.com\/about-us\/","url":"https:\/\/enter-thecircle.com\/about-us\/","name":"Behind The Circle Berlin","isPartOf":{"@id":"https:\/\/enter-thecircle.com\/#website"},"primaryImageOfPage":{"@id":"https:\/\/enter-thecircle.com\/about-us\/#primaryimage"},"image":{"@id":"https:\/\/enter-thecircle.com\/about-us\/#primaryimage"},"thumbnailUrl":"https:\/\/enter-thecircle.com\/wp-content\/uploads\/2025\/07\/us-close-up-black-BG_LS.jpg","datePublished":"2025-07-03T10:06:40+00:00","dateModified":"2026-04-02T14:02:53+00:00","description":"The story behind The Circle: A playful overnight Berlin escape, created by two curious minds to celebrate intimacy, laughter, and connection.","breadcrumb":{"@id":"https:\/\/enter-thecircle.com\/about-us\/#breadcrumb"},"inLanguage":"de","potentialAction":[{"@type":"ReadAction","target":["https:\/\/enter-thecircle.com\/about-us\/"]}]},{"@type":"ImageObject","inLanguage":"de","@id":"https:\/\/enter-thecircle.com\/about-us\/#primaryimage","url":"https:\/\/enter-thecircle.com\/wp-content\/uploads\/2025\/07\/us-close-up-black-BG_LS.jpg","contentUrl":"https:\/\/enter-thecircle.com\/wp-content\/uploads\/2025\/07\/us-close-up-black-BG_LS.jpg","width":2552,"height":1707,"caption":"Becky and Anthony, co-founders of the kinky hotel and private wellness suite, The Circle Berlin."},{"@type":"BreadcrumbList","@id":"https:\/\/enter-thecircle.com\/about-us\/#breadcrumb","itemListElement":[{"@type":"ListItem","position":1,"name":"Home","item":"https:\/\/enter-thecircle.com\/"},{"@type":"ListItem","position":2,"name":"BEHIND THE CIRCLE"}]},{"@type":"WebSite","@id":"https:\/\/enter-thecircle.com\/#website","url":"https:\/\/enter-thecircle.com\/","name":"THE CIRCLE","description":"Ein sinnlicher \u00dcbernachtungs-Kokon &amp; Private Spa","publisher":{"@id":"https:\/\/enter-thecircle.com\/#organization"},"potentialAction":[{"@type":"SearchAction","target":{"@type":"EntryPoint","urlTemplate":"https:\/\/enter-thecircle.com\/?s={search_term_string}"},"query-input":{"@type":"PropertyValueSpecification","valueRequired":true,"valueName":"search_term_string"}}],"inLanguage":"de"},{"@type":"Organization","@id":"https:\/\/enter-thecircle.com\/#organization","name":"THE CIRCLE CONCEPT HOTEL GMBH","url":"https:\/\/enter-thecircle.com\/","logo":{"@type":"ImageObject","inLanguage":"de","@id":"https:\/\/enter-thecircle.com\/#\/schema\/logo\/image\/","url":"https:\/\/enter-thecircle.com\/wp-content\/uploads\/2025\/01\/16-scaled.jpg","contentUrl":"https:\/\/enter-thecircle.com\/wp-content\/uploads\/2025\/01\/16-scaled.jpg","width":2560,"height":1706,"caption":"THE CIRCLE CONCEPT HOTEL GMBH"},"image":{"@id":"https:\/\/enter-thecircle.com\/#\/schema\/logo\/image\/"},"sameAs":["https:\/\/www.instagram.com\/enter_thecircle\/"]}]}},"blog_post_layout_featured_media_urls":{"thumbnail":["https:\/\/enter-thecircle.com\/wp-content\/uploads\/2025\/07\/us-close-up-black-BG_LS-150x150.jpg",150,150,true],"full":["https:\/\/enter-thecircle.com\/wp-content\/uploads\/2025\/07\/us-close-up-black-BG_LS.jpg",2552,1707,false]},"categories_names":null,"comments_number":"0","jetpack_sharing_enabled":true,"_links":{"self":[{"href":"https:\/\/enter-thecircle.com\/de\/wp-json\/wp\/v2\/pages\/2979","targetHints":{"allow":["GET"]}}],"collection":[{"href":"https:\/\/enter-thecircle.com\/de\/wp-json\/wp\/v2\/pages"}],"about":[{"href":"https:\/\/enter-thecircle.com\/de\/wp-json\/wp\/v2\/types\/page"}],"author":[{"embeddable":true,"href":"https:\/\/enter-thecircle.com\/de\/wp-json\/wp\/v2\/users\/1"}],"replies":[{"embeddable":true,"href":"https:\/\/enter-thecircle.com\/de\/wp-json\/wp\/v2\/comments?post=2979"}],"version-history":[{"count":28,"href":"https:\/\/enter-thecircle.com\/de\/wp-json\/wp\/v2\/pages\/2979\/revisions"}],"predecessor-version":[{"id":4216,"href":"https:\/\/enter-thecircle.com\/de\/wp-json\/wp\/v2\/pages\/2979\/revisions\/4216"}],"wp:featuredmedia":[{"embeddable":true,"href":"https:\/\/enter-thecircle.com\/de\/wp-json\/wp\/v2\/media\/2984"}],"wp:attachment":[{"href":"https:\/\/enter-thecircle.com\/de\/wp-json\/wp\/v2\/media?parent=2979"}],"curies":[{"name":"wp","href":"https:\/\/api.w.org\/{rel}","templated":true}]}}