{"id":2753,"date":"2025-05-30T18:16:07","date_gmt":"2025-05-30T16:16:07","guid":{"rendered":"https:\/\/enter-thecircle.com\/?page_id=2753"},"modified":"2026-01-14T10:33:58","modified_gmt":"2026-01-14T09:33:58","slug":"presse","status":"publish","type":"page","link":"https:\/\/enter-thecircle.com\/de\/presse\/","title":{"rendered":"PRESS"},"content":{"rendered":"<p style=\"font-size:14px\">The Circle Berlin wurde bereits in zahlreichen Podcasts und Publikationen vorgestellt. Unten findet ihr eine Auswahl unserer Auftritte. Wenn ihr Interesse daran habt, \u00fcber uns zu berichten, sind wir offen f\u00fcr Interviews, redaktionelle Beitr\u00e4ge und Kooperationen. <a href=\"https:\/\/www.dropbox.com\/scl\/fi\/r61c5qsu7c3xy24pmk6cs\/Press-kit-1.pdf?rlkey=pdj3jpe0jwj2h3qef8bi82a0o&amp;st=89ch9cel&amp;dl=0\" target=\"_blank\" rel=\"noreferrer noopener\">Ladet das Presse-Kit von The Circle herunter<\/a> um unser Manifest zu lesen und weitere Informationen zu entdecken.<\/p>\n\n\n\n<h2 class=\"wp-block-heading\">GUIDE TO LOVE SEX IN\u2026, DEZEMBER 2025<\/h2>\n\n\n\n<figure class=\"wp-block-gallery has-nested-images columns-default is-cropped wp-block-gallery-1 is-layout-flex wp-block-gallery-is-layout-flex\">\n<figure class=\"wp-block-image size-large\"><img loading=\"lazy\" decoding=\"async\" width=\"819\" height=\"1024\" data-id=\"3507\" src=\"https:\/\/enter-thecircle.com\/wp-content\/uploads\/2026\/01\/Bildschirmfoto-2026-01-14-um-10.08.16-819x1024.png\" alt=\"\" class=\"wp-image-3507\" srcset=\"https:\/\/enter-thecircle.com\/wp-content\/uploads\/2026\/01\/Bildschirmfoto-2026-01-14-um-10.08.16-819x1024.png 819w, https:\/\/enter-thecircle.com\/wp-content\/uploads\/2026\/01\/Bildschirmfoto-2026-01-14-um-10.08.16-240x300.png 240w, https:\/\/enter-thecircle.com\/wp-content\/uploads\/2026\/01\/Bildschirmfoto-2026-01-14-um-10.08.16-768x960.png 768w, https:\/\/enter-thecircle.com\/wp-content\/uploads\/2026\/01\/Bildschirmfoto-2026-01-14-um-10.08.16-10x12.png 10w, https:\/\/enter-thecircle.com\/wp-content\/uploads\/2026\/01\/Bildschirmfoto-2026-01-14-um-10.08.16-350x438.png 350w, https:\/\/enter-thecircle.com\/wp-content\/uploads\/2026\/01\/Bildschirmfoto-2026-01-14-um-10.08.16.png 1048w\" sizes=\"auto, (max-width: 706px) 89vw, (max-width: 767px) 82vw, 740px\" \/><\/figure>\n\n\n\n<figure class=\"wp-block-image size-large\"><img loading=\"lazy\" decoding=\"async\" width=\"741\" height=\"1024\" data-id=\"3510\" src=\"https:\/\/enter-thecircle.com\/wp-content\/uploads\/2026\/01\/Bildschirmfoto-2026-01-14-um-10.15.49-741x1024.png\" alt=\"\" class=\"wp-image-3510\" srcset=\"https:\/\/enter-thecircle.com\/wp-content\/uploads\/2026\/01\/Bildschirmfoto-2026-01-14-um-10.15.49-741x1024.png 741w, https:\/\/enter-thecircle.com\/wp-content\/uploads\/2026\/01\/Bildschirmfoto-2026-01-14-um-10.15.49-217x300.png 217w, https:\/\/enter-thecircle.com\/wp-content\/uploads\/2026\/01\/Bildschirmfoto-2026-01-14-um-10.15.49-768x1061.png 768w, https:\/\/enter-thecircle.com\/wp-content\/uploads\/2026\/01\/Bildschirmfoto-2026-01-14-um-10.15.49-9x12.png 9w, https:\/\/enter-thecircle.com\/wp-content\/uploads\/2026\/01\/Bildschirmfoto-2026-01-14-um-10.15.49-350x484.png 350w, https:\/\/enter-thecircle.com\/wp-content\/uploads\/2026\/01\/Bildschirmfoto-2026-01-14-um-10.15.49.png 928w\" sizes=\"auto, (max-width: 706px) 89vw, (max-width: 767px) 82vw, 740px\" \/><\/figure>\n\n\n\n<figure class=\"wp-block-image size-large\"><img loading=\"lazy\" decoding=\"async\" width=\"815\" height=\"1024\" data-id=\"3508\" src=\"https:\/\/enter-thecircle.com\/wp-content\/uploads\/2026\/01\/Bildschirmfoto-2026-01-14-um-10.09.04-815x1024.png\" alt=\"\" class=\"wp-image-3508\" srcset=\"https:\/\/enter-thecircle.com\/wp-content\/uploads\/2026\/01\/Bildschirmfoto-2026-01-14-um-10.09.04-815x1024.png 815w, https:\/\/enter-thecircle.com\/wp-content\/uploads\/2026\/01\/Bildschirmfoto-2026-01-14-um-10.09.04-239x300.png 239w, https:\/\/enter-thecircle.com\/wp-content\/uploads\/2026\/01\/Bildschirmfoto-2026-01-14-um-10.09.04-768x965.png 768w, https:\/\/enter-thecircle.com\/wp-content\/uploads\/2026\/01\/Bildschirmfoto-2026-01-14-um-10.09.04-10x12.png 10w, https:\/\/enter-thecircle.com\/wp-content\/uploads\/2026\/01\/Bildschirmfoto-2026-01-14-um-10.09.04-350x440.png 350w, https:\/\/enter-thecircle.com\/wp-content\/uploads\/2026\/01\/Bildschirmfoto-2026-01-14-um-10.09.04.png 1044w\" sizes=\"auto, (max-width: 706px) 89vw, (max-width: 767px) 82vw, 740px\" \/><\/figure>\n<\/figure>\n\n\n\n<p style=\"font-size:14px\">Erneut haben wir uns mit Nike Wessel, einer treibenden Kraft der sexpositiven Szene Berlins, f\u00fcr ihre <a href=\"https:\/\/sexinberlin-2.myshopify.com\/products\/guide-to-love-sex-in?variant=56195496575324\" target=\"_blank\" rel=\"noreferrer noopener\">f\u00fcr ihr neuestes Buch, <em>Sex in\u2026 zusammengeschlossen.<\/em>.<\/a> In diesem zweiten Band ihrer \u201eGuide to Love\u201c-Reihe stellt sie 20 sexpositive Orte aus 12 verschiedenen St\u00e4dten in Deutschland, \u00d6sterreich und der Schweiz vor. Wir f\u00fchlten uns nicht nur geehrt, im Guide vertreten zu sein, sondern haben uns auch sehr dar\u00fcber gefreut, im Dezember die Buchvorstellung auszurichten. Dabei haben wir es geschafft, 60 Menschen f\u00fcr einen Abend voller Performances und ausgelassenem Treiben im The Circle unterzubringen! <a href=\"https:\/\/sexinberlin-2.myshopify.com\/products\/guide-to-love-sex-in?variant=56195496575324\" target=\"_blank\" rel=\"noreferrer noopener\">Sichert euch jetzt euer Exemplar<\/a>.<\/p>\n\n\n\n<h2 class=\"wp-block-heading\">SEX IN BERLIN PODCAST, FEBRUAR 2025<\/h2>\n\n\n\n<figure class=\"wp-block-image size-large\"><img loading=\"lazy\" decoding=\"async\" width=\"1024\" height=\"708\" src=\"https:\/\/enter-thecircle.com\/wp-content\/uploads\/2025\/01\/Bildschirmfoto-2025-02-14-um-10.19.11-1024x708.png\" alt=\"Sex in Berlin Podcast, Nike Wessel, The Circle Berlin, Private Spa Berlin, Romantic Getaway Berlin\" class=\"wp-image-2075\" srcset=\"https:\/\/enter-thecircle.com\/wp-content\/uploads\/2025\/01\/Bildschirmfoto-2025-02-14-um-10.19.11-1024x708.png 1024w, https:\/\/enter-thecircle.com\/wp-content\/uploads\/2025\/01\/Bildschirmfoto-2025-02-14-um-10.19.11-350x242.png 350w, https:\/\/enter-thecircle.com\/wp-content\/uploads\/2025\/01\/Bildschirmfoto-2025-02-14-um-10.19.11-300x207.png 300w, https:\/\/enter-thecircle.com\/wp-content\/uploads\/2025\/01\/Bildschirmfoto-2025-02-14-um-10.19.11-768x531.png 768w, https:\/\/enter-thecircle.com\/wp-content\/uploads\/2025\/01\/Bildschirmfoto-2025-02-14-um-10.19.11-18x12.png 18w, https:\/\/enter-thecircle.com\/wp-content\/uploads\/2025\/01\/Bildschirmfoto-2025-02-14-um-10.19.11.png 1484w\" sizes=\"auto, (max-width: 706px) 89vw, (max-width: 767px) 82vw, 740px\" \/><\/figure>\n\n\n\n<p style=\"font-size:14px\">Nach ihrem romantischen Aufenthalt im The Circle Berlin Sensual Cocoon and Private Spa hat uns die fabelhafte Nike Wessel in der 19. Folge ihres spannenden <a href=\"https:\/\/open.spotify.com\/episode\/3gV2R2LpgG95PYrNZQPp5Q?si=mcGUrwuETZWrpcMhPi4iQA&amp;nd=1&amp;dlsi=8daff2461c7b41e2\" target=\"_blank\" rel=\"noreferrer noopener\">Sex in Berlin<\/a> Podcast!<\/p>\n\n\n\n<h2 class=\"wp-block-heading\">PERFUMED GARDEN MAGAZINE, NOVEMBER 2024<\/h2>\n\n\n\n<figure class=\"wp-block-image size-large\"><img loading=\"lazy\" decoding=\"async\" width=\"1024\" height=\"688\" src=\"https:\/\/enter-thecircle.com\/wp-content\/uploads\/2025\/01\/Bildschirmfoto-2024-10-31-um-11.27.52-1024x688.png\" alt=\"Perfumed Garden Magazine, The Circle Berlin Private Spa, Romantic Getaway Berlin\" class=\"wp-image-1780\" srcset=\"https:\/\/enter-thecircle.com\/wp-content\/uploads\/2025\/01\/Bildschirmfoto-2024-10-31-um-11.27.52-1024x688.png 1024w, https:\/\/enter-thecircle.com\/wp-content\/uploads\/2025\/01\/Bildschirmfoto-2024-10-31-um-11.27.52-350x235.png 350w, https:\/\/enter-thecircle.com\/wp-content\/uploads\/2025\/01\/Bildschirmfoto-2024-10-31-um-11.27.52-300x201.png 300w, https:\/\/enter-thecircle.com\/wp-content\/uploads\/2025\/01\/Bildschirmfoto-2024-10-31-um-11.27.52-768x516.png 768w, https:\/\/enter-thecircle.com\/wp-content\/uploads\/2025\/01\/Bildschirmfoto-2024-10-31-um-11.27.52-18x12.png 18w, https:\/\/enter-thecircle.com\/wp-content\/uploads\/2025\/01\/Bildschirmfoto-2024-10-31-um-11.27.52.png 1400w\" sizes=\"auto, (max-width: 706px) 89vw, (max-width: 767px) 82vw, 740px\" \/><\/figure>\n\n\n\n<p style=\"font-size:14px\">Wir haben uns riesig gefreut, mit der gro\u00dfartigen Nadin Schley \u2013 Redakteurin und Gr\u00fcnderin des <a href=\"https:\/\/www.perfumed-garden.de\/\" target=\"_blank\" rel=\"noreferrer noopener\">Perfumed Garden Magazine<\/a>, f\u00fcr ihre November-Ausgabe zu sprechen. Das Magazin widmet sich der weiblichen Sinnlichkeit und Lust in all ihren wunderbaren Facetten. Ein Blick lohnt sich auf jeden Fall!<\/p>","protected":false},"excerpt":{"rendered":"<p>The Circle Berlin has been featured in a number of podcasts and publications. Check out our appearances below. If you are interested in featuring us, we&#8217;re open to interviews, editorials and collaborations! Download The Circle press kit to read our manifesto and for more information. GUIDE TO LOVE SEX IN&#8230;, DECEMBER 2025 We joined forces &hellip; <\/p>\n<p class=\"link-more\"><a href=\"https:\/\/enter-thecircle.com\/de\/presse\/\" class=\"more-link\"><span class=\"screen-reader-text\">\u201ePRESS\u201c<\/span> weiterlesen<\/a><\/p>","protected":false},"author":1,"featured_media":0,"parent":0,"menu_order":0,"comment_status":"closed","ping_status":"closed","template":"","meta":{"footnotes":""},"class_list":["post-2753","page","type-page","status-publish","hentry"],"yoast_head":"<!-- This site is optimized with the Yoast SEO plugin v27.3 - https:\/\/yoast.com\/product\/yoast-seo-wordpress\/ -->\n<title>Press | The Circle<\/title>\n<meta name=\"robots\" content=\"noindex, follow\" \/>\n<meta property=\"og:locale\" content=\"de_DE\" \/>\n<meta property=\"og:type\" content=\"article\" \/>\n<meta property=\"og:title\" content=\"Press | The Circle\" \/>\n<meta property=\"og:description\" content=\"The Circle Berlin has been featured in a number of podcasts and publications. Check out our appearances below. If you are interested in featuring us, we&#8217;re open to interviews, editorials and collaborations! Download The Circle press kit to read our manifesto and for more information. GUIDE TO LOVE SEX IN&#8230;, DECEMBER 2025 We joined forces &hellip; \u201ePRESS\u201c weiterlesen\" \/>\n<meta property=\"og:url\" content=\"https:\/\/enter-thecircle.com\/de\/presse\/\" \/>\n<meta property=\"og:site_name\" content=\"THE CIRCLE\" \/>\n<meta property=\"article:publisher\" content=\"https:\/\/www.instagram.com\/enter_thecircle\/\" \/>\n<meta property=\"article:modified_time\" content=\"2026-01-14T09:33:58+00:00\" \/>\n<meta property=\"og:image\" content=\"https:\/\/enter-thecircle.com\/wp-content\/uploads\/2026\/01\/Bildschirmfoto-2026-01-14-um-10.08.16.png\" \/>\n\t<meta property=\"og:image:width\" content=\"1048\" \/>\n\t<meta property=\"og:image:height\" content=\"1310\" \/>\n\t<meta property=\"og:image:type\" content=\"image\/png\" \/>\n<meta name=\"twitter:card\" content=\"summary_large_image\" \/>\n<meta name=\"twitter:label1\" content=\"Gesch\u00e4tzte Lesezeit\" \/>\n\t<meta name=\"twitter:data1\" content=\"2\u00a0Minuten\" \/>\n<script type=\"application\/ld+json\" class=\"yoast-schema-graph\">{\"@context\":\"https:\\\/\\\/schema.org\",\"@graph\":[{\"@type\":\"WebPage\",\"@id\":\"https:\\\/\\\/enter-thecircle.com\\\/press\\\/\",\"url\":\"https:\\\/\\\/enter-thecircle.com\\\/press\\\/\",\"name\":\"Press | The Circle\",\"isPartOf\":{\"@id\":\"https:\\\/\\\/enter-thecircle.com\\\/#website\"},\"primaryImageOfPage\":{\"@id\":\"https:\\\/\\\/enter-thecircle.com\\\/press\\\/#primaryimage\"},\"image\":{\"@id\":\"https:\\\/\\\/enter-thecircle.com\\\/press\\\/#primaryimage\"},\"thumbnailUrl\":\"https:\\\/\\\/enter-thecircle.com\\\/wp-content\\\/uploads\\\/2026\\\/01\\\/Bildschirmfoto-2026-01-14-um-10.08.16-819x1024.png\",\"datePublished\":\"2025-05-30T16:16:07+00:00\",\"dateModified\":\"2026-01-14T09:33:58+00:00\",\"breadcrumb\":{\"@id\":\"https:\\\/\\\/enter-thecircle.com\\\/press\\\/#breadcrumb\"},\"inLanguage\":\"de\",\"potentialAction\":[{\"@type\":\"ReadAction\",\"target\":[\"https:\\\/\\\/enter-thecircle.com\\\/press\\\/\"]}]},{\"@type\":\"ImageObject\",\"inLanguage\":\"de\",\"@id\":\"https:\\\/\\\/enter-thecircle.com\\\/press\\\/#primaryimage\",\"url\":\"https:\\\/\\\/enter-thecircle.com\\\/wp-content\\\/uploads\\\/2026\\\/01\\\/Bildschirmfoto-2026-01-14-um-10.08.16-819x1024.png\",\"contentUrl\":\"https:\\\/\\\/enter-thecircle.com\\\/wp-content\\\/uploads\\\/2026\\\/01\\\/Bildschirmfoto-2026-01-14-um-10.08.16-819x1024.png\"},{\"@type\":\"BreadcrumbList\",\"@id\":\"https:\\\/\\\/enter-thecircle.com\\\/press\\\/#breadcrumb\",\"itemListElement\":[{\"@type\":\"ListItem\",\"position\":1,\"name\":\"Home\",\"item\":\"https:\\\/\\\/enter-thecircle.com\\\/\"},{\"@type\":\"ListItem\",\"position\":2,\"name\":\"PRESS\"}]},{\"@type\":\"WebSite\",\"@id\":\"https:\\\/\\\/enter-thecircle.com\\\/#website\",\"url\":\"https:\\\/\\\/enter-thecircle.com\\\/\",\"name\":\"THE CIRCLE\",\"description\":\"A sensual overnight cocoon &amp; private spa\",\"publisher\":{\"@id\":\"https:\\\/\\\/enter-thecircle.com\\\/#organization\"},\"potentialAction\":[{\"@type\":\"SearchAction\",\"target\":{\"@type\":\"EntryPoint\",\"urlTemplate\":\"https:\\\/\\\/enter-thecircle.com\\\/?s={search_term_string}\"},\"query-input\":{\"@type\":\"PropertyValueSpecification\",\"valueRequired\":true,\"valueName\":\"search_term_string\"}}],\"inLanguage\":\"de\"},{\"@type\":\"Organization\",\"@id\":\"https:\\\/\\\/enter-thecircle.com\\\/#organization\",\"name\":\"THE CIRCLE CONCEPT HOTEL GMBH\",\"url\":\"https:\\\/\\\/enter-thecircle.com\\\/\",\"logo\":{\"@type\":\"ImageObject\",\"inLanguage\":\"de\",\"@id\":\"https:\\\/\\\/enter-thecircle.com\\\/#\\\/schema\\\/logo\\\/image\\\/\",\"url\":\"https:\\\/\\\/enter-thecircle.com\\\/wp-content\\\/uploads\\\/2025\\\/01\\\/16-scaled.jpg\",\"contentUrl\":\"https:\\\/\\\/enter-thecircle.com\\\/wp-content\\\/uploads\\\/2025\\\/01\\\/16-scaled.jpg\",\"width\":2560,\"height\":1706,\"caption\":\"THE CIRCLE CONCEPT HOTEL GMBH\"},\"image\":{\"@id\":\"https:\\\/\\\/enter-thecircle.com\\\/#\\\/schema\\\/logo\\\/image\\\/\"},\"sameAs\":[\"https:\\\/\\\/www.instagram.com\\\/enter_thecircle\\\/\"]}]}<\/script>\n<!-- \/ Yoast SEO plugin. -->","yoast_head_json":{"title":"Presse | The Circle","robots":{"index":"noindex","follow":"follow"},"og_locale":"de_DE","og_type":"article","og_title":"Press | The Circle","og_description":"The Circle Berlin has been featured in a number of podcasts and publications. Check out our appearances below. If you are interested in featuring us, we&#8217;re open to interviews, editorials and collaborations! Download The Circle press kit to read our manifesto and for more information. GUIDE TO LOVE SEX IN&#8230;, DECEMBER 2025 We joined forces &hellip; \u201ePRESS\u201c weiterlesen","og_url":"https:\/\/enter-thecircle.com\/de\/presse\/","og_site_name":"THE CIRCLE","article_publisher":"https:\/\/www.instagram.com\/enter_thecircle\/","article_modified_time":"2026-01-14T09:33:58+00:00","og_image":[{"width":1048,"height":1310,"url":"https:\/\/enter-thecircle.com\/wp-content\/uploads\/2026\/01\/Bildschirmfoto-2026-01-14-um-10.08.16.png","type":"image\/png"}],"twitter_card":"summary_large_image","twitter_misc":{"Gesch\u00e4tzte Lesezeit":"2\u00a0Minuten"},"schema":{"@context":"https:\/\/schema.org","@graph":[{"@type":"WebPage","@id":"https:\/\/enter-thecircle.com\/press\/","url":"https:\/\/enter-thecircle.com\/press\/","name":"Presse | The Circle","isPartOf":{"@id":"https:\/\/enter-thecircle.com\/#website"},"primaryImageOfPage":{"@id":"https:\/\/enter-thecircle.com\/press\/#primaryimage"},"image":{"@id":"https:\/\/enter-thecircle.com\/press\/#primaryimage"},"thumbnailUrl":"https:\/\/enter-thecircle.com\/wp-content\/uploads\/2026\/01\/Bildschirmfoto-2026-01-14-um-10.08.16-819x1024.png","datePublished":"2025-05-30T16:16:07+00:00","dateModified":"2026-01-14T09:33:58+00:00","breadcrumb":{"@id":"https:\/\/enter-thecircle.com\/press\/#breadcrumb"},"inLanguage":"de","potentialAction":[{"@type":"ReadAction","target":["https:\/\/enter-thecircle.com\/press\/"]}]},{"@type":"ImageObject","inLanguage":"de","@id":"https:\/\/enter-thecircle.com\/press\/#primaryimage","url":"https:\/\/enter-thecircle.com\/wp-content\/uploads\/2026\/01\/Bildschirmfoto-2026-01-14-um-10.08.16-819x1024.png","contentUrl":"https:\/\/enter-thecircle.com\/wp-content\/uploads\/2026\/01\/Bildschirmfoto-2026-01-14-um-10.08.16-819x1024.png"},{"@type":"BreadcrumbList","@id":"https:\/\/enter-thecircle.com\/press\/#breadcrumb","itemListElement":[{"@type":"ListItem","position":1,"name":"Home","item":"https:\/\/enter-thecircle.com\/"},{"@type":"ListItem","position":2,"name":"PRESS"}]},{"@type":"WebSite","@id":"https:\/\/enter-thecircle.com\/#website","url":"https:\/\/enter-thecircle.com\/","name":"THE CIRCLE","description":"Ein sinnlicher \u00dcbernachtungs-Kokon &amp; Private Spa","publisher":{"@id":"https:\/\/enter-thecircle.com\/#organization"},"potentialAction":[{"@type":"SearchAction","target":{"@type":"EntryPoint","urlTemplate":"https:\/\/enter-thecircle.com\/?s={search_term_string}"},"query-input":{"@type":"PropertyValueSpecification","valueRequired":true,"valueName":"search_term_string"}}],"inLanguage":"de"},{"@type":"Organization","@id":"https:\/\/enter-thecircle.com\/#organization","name":"THE CIRCLE CONCEPT HOTEL GMBH","url":"https:\/\/enter-thecircle.com\/","logo":{"@type":"ImageObject","inLanguage":"de","@id":"https:\/\/enter-thecircle.com\/#\/schema\/logo\/image\/","url":"https:\/\/enter-thecircle.com\/wp-content\/uploads\/2025\/01\/16-scaled.jpg","contentUrl":"https:\/\/enter-thecircle.com\/wp-content\/uploads\/2025\/01\/16-scaled.jpg","width":2560,"height":1706,"caption":"THE CIRCLE CONCEPT HOTEL GMBH"},"image":{"@id":"https:\/\/enter-thecircle.com\/#\/schema\/logo\/image\/"},"sameAs":["https:\/\/www.instagram.com\/enter_thecircle\/"]}]}},"blog_post_layout_featured_media_urls":{"thumbnail":"","full":""},"categories_names":null,"comments_number":"0","jetpack_sharing_enabled":true,"_links":{"self":[{"href":"https:\/\/enter-thecircle.com\/de\/wp-json\/wp\/v2\/pages\/2753","targetHints":{"allow":["GET"]}}],"collection":[{"href":"https:\/\/enter-thecircle.com\/de\/wp-json\/wp\/v2\/pages"}],"about":[{"href":"https:\/\/enter-thecircle.com\/de\/wp-json\/wp\/v2\/types\/page"}],"author":[{"embeddable":true,"href":"https:\/\/enter-thecircle.com\/de\/wp-json\/wp\/v2\/users\/1"}],"replies":[{"embeddable":true,"href":"https:\/\/enter-thecircle.com\/de\/wp-json\/wp\/v2\/comments?post=2753"}],"version-history":[{"count":15,"href":"https:\/\/enter-thecircle.com\/de\/wp-json\/wp\/v2\/pages\/2753\/revisions"}],"predecessor-version":[{"id":3513,"href":"https:\/\/enter-thecircle.com\/de\/wp-json\/wp\/v2\/pages\/2753\/revisions\/3513"}],"wp:attachment":[{"href":"https:\/\/enter-thecircle.com\/de\/wp-json\/wp\/v2\/media?parent=2753"}],"curies":[{"name":"wp","href":"https:\/\/api.w.org\/{rel}","templated":true}]}}