{"id":267,"date":"2024-09-30T14:57:31","date_gmt":"2024-09-30T12:57:31","guid":{"rendered":"https:\/\/enter-thecircle.com\/?page_id=267"},"modified":"2025-04-10T15:08:27","modified_gmt":"2025-04-10T13:08:27","slug":"the-circle-rules","status":"publish","type":"page","link":"https:\/\/enter-thecircle.com\/de\/the-circle-rules\/","title":{"rendered":"THE CIRCLE REGELN"},"content":{"rendered":"<h1 class=\"fonts-plugin-block\" style=\"font-family: zen-loop-regular;font-size: 35px\">THE CIRCLE REGELN<\/h1>\n\n<p class=\"fonts-plugin-block\" style=\"font-family: quicksand;font-size: 14px\">Einen vollst\u00e4ndigen \u00dcberblick \u00fcber die vertraglichen Verpflichtungen zwischen The Circle und seinen G\u00e4sten findet ihr in unseren Allgemeinen Gesch\u00e4ftsbedingungen. Nachfolgend findet ihr eine Zusammenfassung der wichtigsten Hausregeln:<\/p>\n\n<p class=\"fonts-plugin-block\" style=\"font-family: quicksand;font-size: 14px\">Viel Spa\u00df und keinen Stress! Ihr k\u00f6nnt alle Elemente von The Circle verwenden oder ignorieren. Es geht darum, dass ihr euch mit euch selbst und eurem Partner wohlf\u00fchlt. Es wird keine Leistung erwartet, und jeder hat andere Bed\u00fcrfnisse!<\/p>\n\n<p class=\"fonts-plugin-block\" style=\"font-family: quicksand;font-size: 14px\">Im The Circle herrscht Rauchverbot.<strong> <\/strong>Bei Nichteinhaltung des Rauchverbots behalten wir uns vor, die Kosten f\u00fcr zus\u00e4tzliche Reinigung und Rauchbeseitigung in Rechnung zu stellen.<\/p>\n\n<p class=\"fonts-plugin-block\" style=\"font-family: quicksand;font-size: 14px\">3. Bitte respektiert unsere Wohnung und die Nachbarschaft. Wir haben den Raum schallisoliert; achtet jedoch darauf, dass die Musik auf einem respektvollen Niveau bleibt, die Fenster w\u00e4hrend sexueller Spiele geschlossen bleiben, Au\u00dfenbereiche in angemessener Kleidung betreten werden, und dass ihr R\u00fccksicht auf andere Personen im Haus nehmt. G\u00e4ste, die stark betrunken sind oder unter Drogeneinfluss stehen, k\u00f6nnen aus The Circle verwiesen werden. In diesem Fall wird der Mietpreis weder ganz noch teilweise zur\u00fcckerstattet.<\/p>\n\n<p class=\"fonts-plugin-block\" style=\"font-family: quicksand;font-size: 14px\">Hygiene wird bei uns gro\u00dfgeschrieben.<strong> <\/strong>Die R\u00e4umlichkeiten sowie die vorhandenen Toys und Ger\u00e4te werden vor eurer Ankunft gr\u00fcndlich gereinigt und desinfiziert. Au\u00dferdem habt ihr einen Toy Cleaner zur Verf\u00fcgung gestellt bekommen, den ihr hier verwenden und wieder mitnehmen k\u00f6nnt! Wenn ihr im Wohnzimmerbereich die Toys unseres Presenters ausprobieren m\u00f6chtet, empfehlen wir euch, die bereitgestellten Kondome und\/oder Latex-Leckt\u00fccher zu verwenden und diese nach Gebrauch in den Korb zu legen. <em>Weitere Einzelheiten findet ihr in unserer Hygienerichtlinie auf der FAQs weiter unten.<\/em><\/p>\n\n<p class=\"fonts-plugin-block\" style=\"font-family: quicksand;font-size: 14px\">5.<strong> <\/strong>Die Nutzung des Spielzeugs, der Ausstattung und des Private Spas erfolgt auf eigene Gefahr. Wir empfehlen euch ausdr\u00fccklich, keines davon unter Alkoholeinfluss zu verwenden. Dar\u00fcber hinaus schlie\u00dfen wir jegliche Haftung f\u00fcr Unf\u00e4lle und deren Folgen aus.<\/p>\n\n<p class=\"fonts-plugin-block\" style=\"font-family: quicksand;font-size: 14px\">6. In unserer Minibar findet ihr verschiedene Sextoys, K\u00f6rperpflegeartikel und Weine zum Kauf. Auf unserer Cocktailkarte sind die jeweiligen Preise aufgef\u00fchrt. Das \u00d6ffnen eines der Produkte verpflichtet euch zum Kauf. Ihr bekommt eine Rechnung \u00fcber die entnommenen Minibar-Artikel nach dem Check-out. <em>Weitere Informationen zu unserer Minibar findet ihr auf der Registerkarte weiter unten.&nbsp;<\/em><\/p>\n\n<p class=\"fonts-plugin-block\" style=\"font-family: quicksand;font-size: 14px\"><em>7. <\/em>Personen unter 21 Jahren sowie Haustiere und\/oder Tiere sind auf unserem Gel\u00e4nde nicht gestattet.<\/p>\n\n<p class=\"fonts-plugin-block\" style=\"font-family: quicksand;font-size: 14px\">8. Der Konsum von Drogen und\/oder Sexarbeit sind im The Circle verboten.<\/p>\n\n<p class=\"fonts-plugin-block\" style=\"font-family: quicksand;font-size: 14px\">9. Die Nutzung des Circle zu beruflichen Zwecken ist nicht gestattet, es sei denn, dies wurde zuvor ausdr\u00fccklich von uns vereinbart. Sexarbeit ist hier beispielsweise nicht gestattet; f\u00fcr Foto- und Filmaufnahmen stehen unsere R\u00e4umlichkeiten jedoch zur Verf\u00fcgung.<br><br>10. \u00d6l- und Urinspiele sind ausschlie\u00dflich im Private Spa erlaubt. Wenn es Hinweise auf diese Art von Spiel au\u00dferhalb des Private Spas gibt, beh\u00e4lt sich The Circle das Recht vor, eine zus\u00e4tzliche Reinigungs- und Desinfektionsgeb\u00fchr zu erheben, damit der Raum schnell und professionell f\u00fcr die n\u00e4chsten G\u00e4ste vorbereitet werden kann.<\/p>\n\n<p class=\"fonts-plugin-block\" style=\"font-family: quicksand;font-size: 14px\">11. Wachs- und F\u00e4kalien-Spiele sind nicht gestattet. Wenn es Anzeichen f\u00fcr derartige Spiele gibt, beh\u00e4lt sich The Circle das Recht vor, eine zus\u00e4tzliche Reinigungs- und Desinfektionsgeb\u00fchr zu erheben, damit der Raum so schnell wie m\u00f6glich professionell f\u00fcr die n\u00e4chsten G\u00e4ste vorbereitet werden kann.<\/p>\n\n<p class=\"fonts-plugin-block\" style=\"font-family: quicksand;font-size: 14px\">13. The Circle darf nur von der bei uns angemeldeten Personenzahl genutzt werden. Weitere G\u00e4ste k\u00f6nnen nach R\u00fccksprache und Zustimmung mit uns untergebracht werden. Daf\u00fcr fallen zus\u00e4tzliche Geb\u00fchren an.&nbsp;<\/p>\n\n<p class=\"fonts-plugin-block\" style=\"font-family: quicksand;font-size: 14px\">12. Bitte informiert uns so schnell wie m\u00f6glich \u00fcber Sch\u00e4den an der Immobilie und\/oder deren Inhalt. Es ist ganz nat\u00fcrlich, dass Dinge kaputt gehen, und wir arbeiten gerne mit euch zusammen, um eine L\u00f6sung zu finden.<\/p>\n\n\n<p class=\"has-text-align-center\"><a href=\"https:\/\/enter-thecircle.com\/de\/\">ZUR\u00dcCK<\/a><\/p>\n\n\n\n<p style=\"font-style:normal;font-weight:200\"><br><\/p>","protected":false},"excerpt":{"rendered":"<p>ZUR\u00dcCK<\/p>","protected":false},"author":1,"featured_media":0,"parent":0,"menu_order":0,"comment_status":"closed","ping_status":"closed","template":"","meta":{"footnotes":""},"class_list":["post-267","page","type-page","status-publish","hentry"],"yoast_head":"<!-- This site is optimized with the Yoast SEO plugin v27.6 - https:\/\/yoast.com\/product\/yoast-seo-wordpress\/ -->\n<title>THE CIRCLE RULES - THE CIRCLE<\/title>\n<meta name=\"robots\" content=\"index, follow, max-snippet:-1, max-image-preview:large, max-video-preview:-1\" \/>\n<link rel=\"canonical\" href=\"https:\/\/enter-thecircle.com\/de\/the-circle-rules\/\" \/>\n<meta property=\"og:locale\" content=\"de_DE\" \/>\n<meta property=\"og:type\" content=\"article\" \/>\n<meta property=\"og:title\" content=\"THE CIRCLE RULES - THE CIRCLE\" \/>\n<meta property=\"og:description\" content=\"BACK\" \/>\n<meta property=\"og:url\" content=\"https:\/\/enter-thecircle.com\/de\/the-circle-rules\/\" \/>\n<meta property=\"og:site_name\" content=\"THE CIRCLE\" \/>\n<meta property=\"article:publisher\" content=\"https:\/\/www.instagram.com\/enter_thecircle\/\" \/>\n<meta property=\"article:modified_time\" content=\"2025-04-10T13:08:27+00:00\" \/>\n<meta name=\"twitter:card\" content=\"summary_large_image\" \/>\n<script type=\"application\/ld+json\" class=\"yoast-schema-graph\">{\"@context\":\"https:\\\/\\\/schema.org\",\"@graph\":[{\"@type\":\"WebPage\",\"@id\":\"https:\\\/\\\/enter-thecircle.com\\\/the-circle-rules\\\/\",\"url\":\"https:\\\/\\\/enter-thecircle.com\\\/the-circle-rules\\\/\",\"name\":\"THE CIRCLE RULES - THE CIRCLE\",\"isPartOf\":{\"@id\":\"https:\\\/\\\/enter-thecircle.com\\\/#website\"},\"datePublished\":\"2024-09-30T12:57:31+00:00\",\"dateModified\":\"2025-04-10T13:08:27+00:00\",\"breadcrumb\":{\"@id\":\"https:\\\/\\\/enter-thecircle.com\\\/the-circle-rules\\\/#breadcrumb\"},\"inLanguage\":\"de\",\"potentialAction\":[{\"@type\":\"ReadAction\",\"target\":[\"https:\\\/\\\/enter-thecircle.com\\\/the-circle-rules\\\/\"]}]},{\"@type\":\"BreadcrumbList\",\"@id\":\"https:\\\/\\\/enter-thecircle.com\\\/the-circle-rules\\\/#breadcrumb\",\"itemListElement\":[{\"@type\":\"ListItem\",\"position\":1,\"name\":\"Home\",\"item\":\"https:\\\/\\\/enter-thecircle.com\\\/\"},{\"@type\":\"ListItem\",\"position\":2,\"name\":\"THE CIRCLE RULES\"}]},{\"@type\":\"WebSite\",\"@id\":\"https:\\\/\\\/enter-thecircle.com\\\/#website\",\"url\":\"https:\\\/\\\/enter-thecircle.com\\\/\",\"name\":\"THE CIRCLE\",\"description\":\"A sensual overnight cocoon &amp; private spa\",\"publisher\":{\"@id\":\"https:\\\/\\\/enter-thecircle.com\\\/#organization\"},\"potentialAction\":[{\"@type\":\"SearchAction\",\"target\":{\"@type\":\"EntryPoint\",\"urlTemplate\":\"https:\\\/\\\/enter-thecircle.com\\\/?s={search_term_string}\"},\"query-input\":{\"@type\":\"PropertyValueSpecification\",\"valueRequired\":true,\"valueName\":\"search_term_string\"}}],\"inLanguage\":\"de\"},{\"@type\":\"Organization\",\"@id\":\"https:\\\/\\\/enter-thecircle.com\\\/#organization\",\"name\":\"THE CIRCLE CONCEPT HOTEL GMBH\",\"url\":\"https:\\\/\\\/enter-thecircle.com\\\/\",\"logo\":{\"@type\":\"ImageObject\",\"inLanguage\":\"de\",\"@id\":\"https:\\\/\\\/enter-thecircle.com\\\/#\\\/schema\\\/logo\\\/image\\\/\",\"url\":\"https:\\\/\\\/enter-thecircle.com\\\/wp-content\\\/uploads\\\/2025\\\/01\\\/16-scaled.jpg\",\"contentUrl\":\"https:\\\/\\\/enter-thecircle.com\\\/wp-content\\\/uploads\\\/2025\\\/01\\\/16-scaled.jpg\",\"width\":2560,\"height\":1706,\"caption\":\"THE CIRCLE CONCEPT HOTEL GMBH\"},\"image\":{\"@id\":\"https:\\\/\\\/enter-thecircle.com\\\/#\\\/schema\\\/logo\\\/image\\\/\"},\"sameAs\":[\"https:\\\/\\\/www.instagram.com\\\/enter_thecircle\\\/\"]}]}<\/script>\n<!-- \/ Yoast SEO plugin. -->","yoast_head_json":{"title":"THE CIRCLE RULES - THE CIRCLE","robots":{"index":"index","follow":"follow","max-snippet":"max-snippet:-1","max-image-preview":"max-image-preview:large","max-video-preview":"max-video-preview:-1"},"canonical":"https:\/\/enter-thecircle.com\/de\/the-circle-rules\/","og_locale":"de_DE","og_type":"article","og_title":"THE CIRCLE RULES - THE CIRCLE","og_description":"BACK","og_url":"https:\/\/enter-thecircle.com\/de\/the-circle-rules\/","og_site_name":"THE CIRCLE","article_publisher":"https:\/\/www.instagram.com\/enter_thecircle\/","article_modified_time":"2025-04-10T13:08:27+00:00","twitter_card":"summary_large_image","schema":{"@context":"https:\/\/schema.org","@graph":[{"@type":"WebPage","@id":"https:\/\/enter-thecircle.com\/the-circle-rules\/","url":"https:\/\/enter-thecircle.com\/the-circle-rules\/","name":"THE CIRCLE RULES - THE CIRCLE","isPartOf":{"@id":"https:\/\/enter-thecircle.com\/#website"},"datePublished":"2024-09-30T12:57:31+00:00","dateModified":"2025-04-10T13:08:27+00:00","breadcrumb":{"@id":"https:\/\/enter-thecircle.com\/the-circle-rules\/#breadcrumb"},"inLanguage":"de","potentialAction":[{"@type":"ReadAction","target":["https:\/\/enter-thecircle.com\/the-circle-rules\/"]}]},{"@type":"BreadcrumbList","@id":"https:\/\/enter-thecircle.com\/the-circle-rules\/#breadcrumb","itemListElement":[{"@type":"ListItem","position":1,"name":"Home","item":"https:\/\/enter-thecircle.com\/"},{"@type":"ListItem","position":2,"name":"THE CIRCLE RULES"}]},{"@type":"WebSite","@id":"https:\/\/enter-thecircle.com\/#website","url":"https:\/\/enter-thecircle.com\/","name":"THE CIRCLE","description":"Ein sinnlicher \u00dcbernachtungs-Kokon &amp; privates Spa","publisher":{"@id":"https:\/\/enter-thecircle.com\/#organization"},"potentialAction":[{"@type":"SearchAction","target":{"@type":"EntryPoint","urlTemplate":"https:\/\/enter-thecircle.com\/?s={search_term_string}"},"query-input":{"@type":"PropertyValueSpecification","valueRequired":true,"valueName":"search_term_string"}}],"inLanguage":"de"},{"@type":"Organization","@id":"https:\/\/enter-thecircle.com\/#organization","name":"THE CIRCLE CONCEPT HOTEL GMBH","url":"https:\/\/enter-thecircle.com\/","logo":{"@type":"ImageObject","inLanguage":"de","@id":"https:\/\/enter-thecircle.com\/#\/schema\/logo\/image\/","url":"https:\/\/enter-thecircle.com\/wp-content\/uploads\/2025\/01\/16-scaled.jpg","contentUrl":"https:\/\/enter-thecircle.com\/wp-content\/uploads\/2025\/01\/16-scaled.jpg","width":2560,"height":1706,"caption":"THE CIRCLE CONCEPT HOTEL GMBH"},"image":{"@id":"https:\/\/enter-thecircle.com\/#\/schema\/logo\/image\/"},"sameAs":["https:\/\/www.instagram.com\/enter_thecircle\/"]}]}},"blog_post_layout_featured_media_urls":{"thumbnail":"","full":""},"categories_names":null,"comments_number":"0","jetpack_sharing_enabled":true,"_links":{"self":[{"href":"https:\/\/enter-thecircle.com\/de\/wp-json\/wp\/v2\/pages\/267","targetHints":{"allow":["GET"]}}],"collection":[{"href":"https:\/\/enter-thecircle.com\/de\/wp-json\/wp\/v2\/pages"}],"about":[{"href":"https:\/\/enter-thecircle.com\/de\/wp-json\/wp\/v2\/types\/page"}],"author":[{"embeddable":true,"href":"https:\/\/enter-thecircle.com\/de\/wp-json\/wp\/v2\/users\/1"}],"replies":[{"embeddable":true,"href":"https:\/\/enter-thecircle.com\/de\/wp-json\/wp\/v2\/comments?post=267"}],"version-history":[{"count":12,"href":"https:\/\/enter-thecircle.com\/de\/wp-json\/wp\/v2\/pages\/267\/revisions"}],"predecessor-version":[{"id":2315,"href":"https:\/\/enter-thecircle.com\/de\/wp-json\/wp\/v2\/pages\/267\/revisions\/2315"}],"wp:attachment":[{"href":"https:\/\/enter-thecircle.com\/de\/wp-json\/wp\/v2\/media?parent=267"}],"curies":[{"name":"wp","href":"https:\/\/api.w.org\/{rel}","templated":true}]}}